{"id":10342,"date":"2025-10-20T12:31:08","date_gmt":"2025-10-20T12:31:08","guid":{"rendered":"https:\/\/studiomigratorio.com\/?page_id=10342"},"modified":"2025-12-05T16:17:48","modified_gmt":"2025-12-05T16:17:48","slug":"inscritocomsucesso","status":"publish","type":"page","link":"https:\/\/studiomigratorio.com\/es\/inscritocomsucesso\/","title":{"rendered":"Inscri\u00e7\u00e3o Confirmada WEBIMPOSTO"},"content":{"rendered":"<div data-elementor-type=\"wp-page\" data-elementor-id=\"10342\" class=\"elementor elementor-10342\">\n\t\t\t\t\t\t<div class=\"elementor-section elementor-top-section elementor-element elementor-element-ae49db3 ct-section-stretched elementor-section-height-min-height bg-lazyload elementor-section-boxed elementor-section-height-default elementor-section-items-middle\" data-id=\"ae49db3\" data-element_type=\"section\" data-e-type=\"section\" data-settings=\"{&quot;background_background&quot;:&quot;classic&quot;}\">\n\t\t\t\t\t\t\t<div class=\"elementor-background-overlay\"><\/div>\n\t\t\t\t\t\t\t<div class=\"elementor-container elementor-column-gap-default\">\n\t\t\t\t\t<div class=\"elementor-column elementor-col-100 elementor-top-column elementor-element elementor-element-062c0b2\" data-id=\"062c0b2\" data-element_type=\"column\" data-e-type=\"column\">\n\t\t\t<div class=\"elementor-widget-wrap elementor-element-populated\">\n\t\t\t\t\t\t<div class=\"elementor-element elementor-element-4d66795 elementor-widget elementor-widget-heading\" data-id=\"4d66795\" data-element_type=\"widget\" data-e-type=\"widget\" data-widget_type=\"heading.default\">\n\t\t\t\t\t<h4 class=\"elementor-heading-title elementor-size-default\">\u2705 <strong data-start=\"308\" data-end=\"365\">Pronto! Sua inscri\u00e7\u00e3o foi conclu\u00edda com sucesso.<\/strong><br>Voc\u00ea receber\u00e1 um <strong data-start=\"127\" data-end=\"137\">e-mail a qualquer momento<\/strong>.<br data-start=\"138\" data-end=\"141\">\nConfira sua caixa de entrada (incluindo <strong data-start=\"181\" data-end=\"189\">Spam<\/strong>\/<strong data-start=\"190\" data-end=\"198\">Lixo<\/strong> y <strong data-start=\"201\" data-end=\"214\">Promo\u00e7\u00f5es<\/strong>) e fique atento \u00e0s mensagens do remetente <i>publi@studiomigratorio.com<\/i>). <br><br><br><p data-start=\"447\" data-end=\"474\"><b>Mas n\u00e3o pare por aqui! <\/b><\/p><br><p data-start=\"447\" data-end=\"474\"><b>Acesse<\/b><b> agora o grupo VIP de WhatsApp \u2014 fechado e exclusivo para quem vai participar do webinar. <\/b><b>O grupo ficar\u00e1 bloqueado para coment\u00e1rios e ser\u00e1 usado apenas para compartilhar os links de acesso, materiais de apoio e informa\u00e7\u00f5es importantes sobre estudar e trabalhar na Espanha. <\/b><span style=\"font-family: inherit;font-size: inherit;font-style: inherit;font-weight: inherit\">\ud83d\udc47<\/span><span><\/span><\/p><\/h4>\t\t\t\t<\/div>\n\t\t\t\t<div class=\"elementor-element elementor-element-ca6e4b9 elementor-align-center elementor-invisible elementor-widget elementor-widget-button\" data-id=\"ca6e4b9\" data-element_type=\"widget\" data-e-type=\"widget\" data-settings=\"{&quot;_animation&quot;:&quot;bounce&quot;}\" data-widget_type=\"button.default\">\n\t\t\t\t\t\t\t\t\t\t<a class=\"elementor-button elementor-button-link elementor-size-sm\" href=\"https:\/\/chat.whatsapp.com\/IsnMUCwDE2CBiloPMMYN0t?mode=hqrc\">\n\t\t\t\t\t\t<span class=\"elementor-button-content-wrapper\">\n\t\t\t\t\t\t\t\t\t<span class=\"elementor-button-text\">Acesse agora e garanta informa\u00e7\u00f5es exclusivas<\/span>\n\t\t\t\t\t<\/span>\n\t\t\t\t\t<\/a>\n\t\t\t\t\t\t\t\t<\/div>\n\t\t\t\t<div class=\"elementor-element elementor-element-323873e elementor-widget-divider--view-line elementor-widget elementor-widget-divider\" data-id=\"323873e\" data-element_type=\"widget\" data-e-type=\"widget\" data-widget_type=\"divider.default\">\n\t\t\t\t\t\t\t<div class=\"elementor-divider\">\n\t\t\t<span class=\"elementor-divider-separator\">\n\t\t\t\t\t\t<\/span>\n\t\t<\/div>\n\t\t\t\t\t\t<\/div>\n\t\t\t\t\t<\/div>\n\t\t<\/div>\n\t\t\t\t\t<\/div>\n\t\t<\/div>\n\t\t\t\t<\/div>","protected":false},"excerpt":{"rendered":"<p>\u2705 Pronto! Sua inscri\u00e7\u00e3o foi conclu\u00edda com sucesso.Voc\u00ea receber\u00e1 um e-mail a qualquer momento. Confira sua caixa de entrada (incluindo Spam\/Lixo e Promo\u00e7\u00f5es) e fique atento \u00e0s mensagens do remetente publi@studiomigratorio.com). Mas n\u00e3o pare por aqui! Acesse agora o grupo VIP de WhatsApp \u2014 fechado e exclusivo para quem vai participar do webinar. O grupo [&hellip;]<\/p>\n","protected":false},"author":18,"featured_media":0,"parent":0,"menu_order":0,"comment_status":"closed","ping_status":"closed","template":"elementor_canvas","meta":{"footnotes":""},"class_list":["post-10342","page","type-page","status-publish","hentry"],"blocksy_meta":[],"yoast_head":"<!-- This site is optimized with the Yoast SEO plugin v27.3 - https:\/\/yoast.com\/product\/yoast-seo-wordpress\/ -->\n<title>Inscri\u00e7\u00e3o Confirmada WEBIMPOSTO - Studio Migrat\u00f3rio<\/title>\n<meta name=\"description\" content=\"Trabalhe de qualquer lugar do mundo e viva legalmente na Espanha em 2025!\" \/>\n<meta name=\"robots\" content=\"index, follow, max-snippet:-1, max-image-preview:large, max-video-preview:-1\" \/>\n<link rel=\"canonical\" href=\"https:\/\/studiomigratorio.com\/es\/inscritocomsucesso\/\" \/>\n<meta property=\"og:locale\" content=\"es_ES\" \/>\n<meta property=\"og:type\" content=\"article\" \/>\n<meta property=\"og:title\" content=\"Inscri\u00e7\u00e3o Confirmada WEBIMPOSTO - Studio Migrat\u00f3rio\" \/>\n<meta property=\"og:description\" content=\"Trabalhe de qualquer lugar do mundo e viva legalmente na Espanha em 2025!\" \/>\n<meta property=\"og:url\" content=\"https:\/\/studiomigratorio.com\/es\/inscritocomsucesso\/\" \/>\n<meta property=\"og:site_name\" content=\"Studio Migrat\u00f3rio\" \/>\n<meta property=\"article:modified_time\" content=\"2025-12-05T16:17:48+00:00\" \/>\n<meta name=\"twitter:card\" content=\"summary_large_image\" \/>\n<script type=\"application\/ld+json\" class=\"yoast-schema-graph\">{\"@context\":\"https:\\\/\\\/schema.org\",\"@graph\":[{\"@type\":\"WebPage\",\"@id\":\"https:\\\/\\\/studiomigratorio.com\\\/inscritocomsucesso\\\/\",\"url\":\"https:\\\/\\\/studiomigratorio.com\\\/inscritocomsucesso\\\/\",\"name\":\"Inscri\u00e7\u00e3o Confirmada WEBIMPOSTO - Studio Migrat\u00f3rio\",\"isPartOf\":{\"@id\":\"https:\\\/\\\/studiomigratorio.com\\\/#website\"},\"datePublished\":\"2025-10-20T12:31:08+00:00\",\"dateModified\":\"2025-12-05T16:17:48+00:00\",\"description\":\"Trabalhe de qualquer lugar do mundo e viva legalmente na Espanha em 2025!\",\"breadcrumb\":{\"@id\":\"https:\\\/\\\/studiomigratorio.com\\\/inscritocomsucesso\\\/#breadcrumb\"},\"inLanguage\":\"es\",\"potentialAction\":[{\"@type\":\"ReadAction\",\"target\":[\"https:\\\/\\\/studiomigratorio.com\\\/inscritocomsucesso\\\/\"]}]},{\"@type\":\"BreadcrumbList\",\"@id\":\"https:\\\/\\\/studiomigratorio.com\\\/inscritocomsucesso\\\/#breadcrumb\",\"itemListElement\":[{\"@type\":\"ListItem\",\"position\":1,\"name\":\"Portada\",\"item\":\"https:\\\/\\\/studiomigratorio.com\\\/\"},{\"@type\":\"ListItem\",\"position\":2,\"name\":\"Inscri\u00e7\u00e3o Confirmada WEBIMPOSTO\"}]},{\"@type\":\"WebSite\",\"@id\":\"https:\\\/\\\/studiomigratorio.com\\\/#website\",\"url\":\"https:\\\/\\\/studiomigratorio.com\\\/\",\"name\":\"Studio Migrat\u00f3rio\",\"description\":\"Studio Migrat\u00f3rio para Espanha\",\"publisher\":{\"@id\":\"https:\\\/\\\/studiomigratorio.com\\\/#\\\/schema\\\/person\\\/8b0bad7ae66355a8566a6db71308101b\"},\"potentialAction\":[{\"@type\":\"SearchAction\",\"target\":{\"@type\":\"EntryPoint\",\"urlTemplate\":\"https:\\\/\\\/studiomigratorio.com\\\/?s={search_term_string}\"},\"query-input\":{\"@type\":\"PropertyValueSpecification\",\"valueRequired\":true,\"valueName\":\"search_term_string\"}}],\"inLanguage\":\"es\"},{\"@type\":[\"Person\",\"Organization\"],\"@id\":\"https:\\\/\\\/studiomigratorio.com\\\/#\\\/schema\\\/person\\\/8b0bad7ae66355a8566a6db71308101b\",\"name\":\"Amanda Kalil\",\"image\":{\"@type\":\"ImageObject\",\"inLanguage\":\"es\",\"@id\":\"https:\\\/\\\/studiomigratorio.com\\\/wp-content\\\/uploads\\\/2020\\\/12\\\/IMG_20201121_152036-scaled.jpg\",\"url\":\"https:\\\/\\\/studiomigratorio.com\\\/wp-content\\\/uploads\\\/2020\\\/12\\\/IMG_20201121_152036-scaled.jpg\",\"contentUrl\":\"https:\\\/\\\/studiomigratorio.com\\\/wp-content\\\/uploads\\\/2020\\\/12\\\/IMG_20201121_152036-scaled.jpg\",\"width\":1920,\"height\":2560,\"caption\":\"Amanda Kalil\"},\"logo\":{\"@id\":\"https:\\\/\\\/studiomigratorio.com\\\/wp-content\\\/uploads\\\/2020\\\/12\\\/IMG_20201121_152036-scaled.jpg\"},\"sameAs\":[\"https:\\\/\\\/studiomigratorio.com\\\/\"]}]}<\/script>\n<!-- \/ Yoast SEO plugin. -->","yoast_head_json":{"title":"Inscri\u00e7\u00e3o Confirmada WEBIMPOSTO - Studio Migrat\u00f3rio","description":"Trabalhe de qualquer lugar do mundo e viva legalmente na Espanha em 2025!","robots":{"index":"index","follow":"follow","max-snippet":"max-snippet:-1","max-image-preview":"max-image-preview:large","max-video-preview":"max-video-preview:-1"},"canonical":"https:\/\/studiomigratorio.com\/es\/inscritocomsucesso\/","og_locale":"es_ES","og_type":"article","og_title":"Inscri\u00e7\u00e3o Confirmada WEBIMPOSTO - Studio Migrat\u00f3rio","og_description":"Trabalhe de qualquer lugar do mundo e viva legalmente na Espanha em 2025!","og_url":"https:\/\/studiomigratorio.com\/es\/inscritocomsucesso\/","og_site_name":"Studio Migrat\u00f3rio","article_modified_time":"2025-12-05T16:17:48+00:00","twitter_card":"summary_large_image","schema":{"@context":"https:\/\/schema.org","@graph":[{"@type":"WebPage","@id":"https:\/\/studiomigratorio.com\/inscritocomsucesso\/","url":"https:\/\/studiomigratorio.com\/inscritocomsucesso\/","name":"Inscri\u00e7\u00e3o Confirmada WEBIMPOSTO - Studio Migrat\u00f3rio","isPartOf":{"@id":"https:\/\/studiomigratorio.com\/#website"},"datePublished":"2025-10-20T12:31:08+00:00","dateModified":"2025-12-05T16:17:48+00:00","description":"Trabalhe de qualquer lugar do mundo e viva legalmente na Espanha em 2025!","breadcrumb":{"@id":"https:\/\/studiomigratorio.com\/inscritocomsucesso\/#breadcrumb"},"inLanguage":"es","potentialAction":[{"@type":"ReadAction","target":["https:\/\/studiomigratorio.com\/inscritocomsucesso\/"]}]},{"@type":"BreadcrumbList","@id":"https:\/\/studiomigratorio.com\/inscritocomsucesso\/#breadcrumb","itemListElement":[{"@type":"ListItem","position":1,"name":"Portada","item":"https:\/\/studiomigratorio.com\/"},{"@type":"ListItem","position":2,"name":"Inscri\u00e7\u00e3o Confirmada WEBIMPOSTO"}]},{"@type":"WebSite","@id":"https:\/\/studiomigratorio.com\/#website","url":"https:\/\/studiomigratorio.com\/","name":"Studio Migrat\u00f3rio","description":"Studio Migrat\u00f3rio para Espanha","publisher":{"@id":"https:\/\/studiomigratorio.com\/#\/schema\/person\/8b0bad7ae66355a8566a6db71308101b"},"potentialAction":[{"@type":"SearchAction","target":{"@type":"EntryPoint","urlTemplate":"https:\/\/studiomigratorio.com\/?s={search_term_string}"},"query-input":{"@type":"PropertyValueSpecification","valueRequired":true,"valueName":"search_term_string"}}],"inLanguage":"es"},{"@type":["Person","Organization"],"@id":"https:\/\/studiomigratorio.com\/#\/schema\/person\/8b0bad7ae66355a8566a6db71308101b","name":"Amanda Kalil","image":{"@type":"ImageObject","inLanguage":"es","@id":"https:\/\/studiomigratorio.com\/wp-content\/uploads\/2020\/12\/IMG_20201121_152036-scaled.jpg","url":"https:\/\/studiomigratorio.com\/wp-content\/uploads\/2020\/12\/IMG_20201121_152036-scaled.jpg","contentUrl":"https:\/\/studiomigratorio.com\/wp-content\/uploads\/2020\/12\/IMG_20201121_152036-scaled.jpg","width":1920,"height":2560,"caption":"Amanda Kalil"},"logo":{"@id":"https:\/\/studiomigratorio.com\/wp-content\/uploads\/2020\/12\/IMG_20201121_152036-scaled.jpg"},"sameAs":["https:\/\/studiomigratorio.com\/"]}]}},"amp_enabled":false,"_links":{"self":[{"href":"https:\/\/studiomigratorio.com\/es\/wp-json\/wp\/v2\/pages\/10342","targetHints":{"allow":["GET"]}}],"collection":[{"href":"https:\/\/studiomigratorio.com\/es\/wp-json\/wp\/v2\/pages"}],"about":[{"href":"https:\/\/studiomigratorio.com\/es\/wp-json\/wp\/v2\/types\/page"}],"author":[{"embeddable":true,"href":"https:\/\/studiomigratorio.com\/es\/wp-json\/wp\/v2\/users\/18"}],"replies":[{"embeddable":true,"href":"https:\/\/studiomigratorio.com\/es\/wp-json\/wp\/v2\/comments?post=10342"}],"version-history":[{"count":3,"href":"https:\/\/studiomigratorio.com\/es\/wp-json\/wp\/v2\/pages\/10342\/revisions"}],"predecessor-version":[{"id":10516,"href":"https:\/\/studiomigratorio.com\/es\/wp-json\/wp\/v2\/pages\/10342\/revisions\/10516"}],"wp:attachment":[{"href":"https:\/\/studiomigratorio.com\/es\/wp-json\/wp\/v2\/media?parent=10342"}],"curies":[{"name":"wp","href":"https:\/\/api.w.org\/{rel}","templated":true}]}}