{"id":110,"date":"2018-09-03T15:07:49","date_gmt":"2018-09-03T15:07:49","guid":{"rendered":"https:\/\/amandakalil.com\/?page_id=110"},"modified":"2023-11-24T08:10:48","modified_gmt":"2023-11-24T08:10:48","slug":"vistos-e-autorizacoes","status":"publish","type":"page","link":"https:\/\/studiomigratorio.com\/es\/vistos-e-autorizacoes\/","title":{"rendered":"Visados y autorizaciones"},"content":{"rendered":"<div data-elementor-type=\"wp-page\" data-elementor-id=\"110\" class=\"elementor elementor-110\">\n\t\t\t\t\t\t<section class=\"elementor-section elementor-top-section elementor-element elementor-element-1f1468c elementor-section-boxed elementor-section-height-default elementor-section-height-default\" data-id=\"1f1468c\" data-element_type=\"section\" data-e-type=\"section\">\n\t\t\t\t\t\t<div class=\"elementor-container elementor-column-gap-default\">\n\t\t\t\t\t<div class=\"elementor-column elementor-col-100 elementor-top-column elementor-element elementor-element-f8260e3\" data-id=\"f8260e3\" data-element_type=\"column\" data-e-type=\"column\">\n\t\t\t<div class=\"elementor-widget-wrap elementor-element-populated\">\n\t\t\t\t\t\t<div class=\"elementor-element elementor-element-a690827 elementor-widget elementor-widget-spacer\" data-id=\"a690827\" data-element_type=\"widget\" data-e-type=\"widget\" data-widget_type=\"spacer.default\">\n\t\t\t\t\t\t\t<div class=\"elementor-spacer\">\n\t\t\t<div class=\"elementor-spacer-inner\"><\/div>\n\t\t<\/div>\n\t\t\t\t\t\t<\/div>\n\t\t\t\t<div class=\"elementor-element elementor-element-c4a93a4 elementor-widget elementor-widget-heading\" data-id=\"c4a93a4\" data-element_type=\"widget\" data-e-type=\"widget\" data-widget_type=\"heading.default\">\n\t\t\t\t\t<h1 class=\"elementor-heading-title elementor-size-default\">VISADOS Y AUTORIZACIONES <\/h1>\t\t\t\t<\/div>\n\t\t\t\t<div class=\"elementor-element elementor-element-c124f8b elementor-widget elementor-widget-spacer\" data-id=\"c124f8b\" data-element_type=\"widget\" data-e-type=\"widget\" data-widget_type=\"spacer.default\">\n\t\t\t\t\t\t\t<div class=\"elementor-spacer\">\n\t\t\t<div class=\"elementor-spacer-inner\"><\/div>\n\t\t<\/div>\n\t\t\t\t\t\t<\/div>\n\t\t\t\t\t<\/div>\n\t\t<\/div>\n\t\t\t\t\t<\/div>\n\t\t<\/section>\n\t\t\t\t<section class=\"elementor-section elementor-top-section elementor-element elementor-element-b85098c elementor-section-boxed elementor-section-height-default elementor-section-height-default\" data-id=\"b85098c\" data-element_type=\"section\" data-e-type=\"section\">\n\t\t\t\t\t\t<div class=\"elementor-container elementor-column-gap-default\">\n\t\t\t\t\t<div class=\"elementor-column elementor-col-100 elementor-top-column elementor-element elementor-element-136a66b\" data-id=\"136a66b\" data-element_type=\"column\" data-e-type=\"column\">\n\t\t\t<div class=\"elementor-widget-wrap elementor-element-populated\">\n\t\t\t\t\t\t<section class=\"elementor-section elementor-inner-section elementor-element elementor-element-8bb55a9 elementor-section-boxed elementor-section-height-default elementor-section-height-default\" data-id=\"8bb55a9\" data-element_type=\"section\" data-e-type=\"section\">\n\t\t\t\t\t\t<div class=\"elementor-container elementor-column-gap-default\">\n\t\t\t\t\t<div class=\"elementor-column elementor-col-50 elementor-inner-column elementor-element elementor-element-b4c9102\" data-id=\"b4c9102\" data-element_type=\"column\" data-e-type=\"column\">\n\t\t\t<div class=\"elementor-widget-wrap elementor-element-populated\">\n\t\t\t\t\t\t<div class=\"elementor-element elementor-element-6165073 elementor-widget elementor-widget-image\" data-id=\"6165073\" data-element_type=\"widget\" data-e-type=\"widget\" data-widget_type=\"image.default\">\n\t\t\t\t\t\t\t\t\t\t\t\t\t\t\t<img fetchpriority=\"high\" decoding=\"async\" width=\"768\" height=\"576\" src=\"https:\/\/studiomigratorio.com\/wp-content\/uploads\/2022\/01\/visa-online-application-concept-open-passport-wit-2021-08-26-16-57-03-utc-768x576.jpg\" class=\"attachment-medium_large size-medium_large wp-image-3811\" alt=\"Visa Travel\" srcset=\"https:\/\/studiomigratorio.com\/wp-content\/uploads\/2022\/01\/visa-online-application-concept-open-passport-wit-2021-08-26-16-57-03-utc-768x576.jpg 768w, https:\/\/studiomigratorio.com\/wp-content\/uploads\/2022\/01\/visa-online-application-concept-open-passport-wit-2021-08-26-16-57-03-utc-300x225.jpg 300w, https:\/\/studiomigratorio.com\/wp-content\/uploads\/2022\/01\/visa-online-application-concept-open-passport-wit-2021-08-26-16-57-03-utc-1024x768.jpg 1024w, https:\/\/studiomigratorio.com\/wp-content\/uploads\/2022\/01\/visa-online-application-concept-open-passport-wit-2021-08-26-16-57-03-utc-1536x1152.jpg 1536w, https:\/\/studiomigratorio.com\/wp-content\/uploads\/2022\/01\/visa-online-application-concept-open-passport-wit-2021-08-26-16-57-03-utc-scaled.jpg 2048w\" sizes=\"(max-width: 768px) 100vw, 768px\" \/>\t\t\t\t\t\t\t\t\t\t\t\t\t\t\t<\/div>\n\t\t\t\t<div class=\"elementor-element elementor-element-9eb2523 elementor-widget elementor-widget-text-editor\" data-id=\"9eb2523\" data-element_type=\"widget\" data-e-type=\"widget\" data-widget_type=\"text-editor.default\">\n\t\t\t\t\t\t\t\t\t<p><b>\u00bfQuieres vivir legalmente en Espa\u00f1a pero no sabes c\u00f3mo? \u00a1Cuenta conmigo!<\/b><\/p><p><span style=\"font-weight: 400;\">Necesarios para trabajar, vivir o estudiar legalmente en Espa\u00f1a por un periodo superior a 3 meses, los visados y\/o autorizaciones son requisitos obligatorios para los brasile\u00f1os que no tengan doble nacionalidad de alg\u00fan pa\u00eds de la Uni\u00f3n Europea.\u00a0\u00a0<\/span><\/p><p><span style=\"font-weight: 400;\">Tramitados desde Brasil, en uno de los cinco consulados espa\u00f1oles, los principales tipos de visados para Espa\u00f1a son: <\/span><a href=\"https:\/\/www.youtube.com\/watch?v=INE_YPpLEEo&amp;t=34s\"><b>visado de estudiante<\/b><\/a><span style=\"font-weight: 400;\">, <\/span><b>visado de trabajo<\/b><span style=\"font-weight: 400;\"> y <\/span><b>visado de residencia temporal no lucrativa<\/b><span style=\"font-weight: 400;\"> (para pensionistas o personas que puedan demostrar que disponen de recursos econ\u00f3micos suficientes para permanecer en el pa\u00eds).<\/span><\/p>\t\t\t\t\t\t\t\t<\/div>\n\t\t\t\t\t<\/div>\n\t\t<\/div>\n\t\t\t\t<div class=\"elementor-column elementor-col-50 elementor-inner-column elementor-element elementor-element-4a51577\" data-id=\"4a51577\" data-element_type=\"column\" data-e-type=\"column\">\n\t\t\t<div class=\"elementor-widget-wrap elementor-element-populated\">\n\t\t\t\t\t\t<div class=\"elementor-element elementor-element-331ed17 elementor-widget elementor-widget-text-editor\" data-id=\"331ed17\" data-element_type=\"widget\" data-e-type=\"widget\" data-widget_type=\"text-editor.default\">\n\t\t\t\t\t\t\t\t\t<p><span style=\"font-weight: 400;\">Por otra parte, el <\/span><b>permisos de residencia o estancia<\/b><span style=\"font-weight: 400;\"> son aquellos procesos que ya han sido tramitados en Espa\u00f1a y pueden ser solicitados con fines profesionales, acad\u00e9micos o personales.\u00a0<\/span><\/p><p><span style=\"font-weight: 400;\">Al contratar un servicio de asesoramiento para cualquiera de estos tr\u00e1mites, recibir\u00e1 todo el apoyo y la informaci\u00f3n que necesite para que pueda <\/span><b>vivir legalmente en Espa\u00f1a<\/b><span style=\"font-weight: 400;\"> durante el periodo deseado. Adem\u00e1s, en cuanto haga su primera consulta, recibir\u00e1 un expediente completo con una lista de los documentos exigidos por las autoridades espa\u00f1olas y las instrucciones paso a paso para presentar la solicitud. <\/span><a href=\"https:\/\/www.youtube.com\/watch?v=rqp9o8wq4Ig&amp;t=3s\"><span style=\"font-weight: 400;\">legislaci\u00f3n<\/span><\/a><span style=\"font-weight: 400;\"> y <\/span><a href=\"https:\/\/www.youtube.com\/watch?v=LW70Q7IfMXU\"><span style=\"font-weight: 400;\">traducci\u00f3n<\/span><\/a><span style=\"font-weight: 400;\"> de estos.\u00a0\u00a0<\/span><\/p><p><span style=\"font-weight: 400;\">Adem\u00e1s, en algunos casos puedo, como abogado, solicitar el visado o la autorizaci\u00f3n en su nombre, lo que facilita y agiliza el proceso de <\/span><b>gesti\u00f3n de documentos<\/b><span style=\"font-weight: 400;\">. Asimismo, en caso de respuesta negativa, presento la <\/span><b>recursos administrativos<\/b><span style=\"font-weight: 400;\"> pertinentes a su solicitud. Un servicio integral.\u00a0\u00a0<\/span><\/p><p><span style=\"font-weight: 400;\">Para reservar una cita, basta con entrar en mi <\/span><strong><a href=\"https:\/\/studiomigratorio.com\/es\/agenda\/\">Agenda virtual<\/a><\/strong><span style=\"font-weight: 400;\"> y elegir el mejor d\u00eda y hora para ti. \u00bfVamos juntos?<\/span><\/p>\t\t\t\t\t\t\t\t<\/div>\n\t\t\t\t\t<\/div>\n\t\t<\/div>\n\t\t\t\t\t<\/div>\n\t\t<\/section>\n\t\t\t\t\t<\/div>\n\t\t<\/div>\n\t\t\t\t\t<\/div>\n\t\t<\/section>\n\t\t\t\t<section class=\"elementor-section elementor-top-section elementor-element elementor-element-d85a0b9 elementor-section-boxed elementor-section-height-default elementor-section-height-default\" data-id=\"d85a0b9\" data-element_type=\"section\" data-e-type=\"section\">\n\t\t\t\t\t\t<div class=\"elementor-container elementor-column-gap-default\">\n\t\t\t\t\t<div class=\"elementor-column elementor-col-100 elementor-top-column elementor-element elementor-element-f45538a\" data-id=\"f45538a\" data-element_type=\"column\" data-e-type=\"column\">\n\t\t\t<div class=\"elementor-widget-wrap elementor-element-populated\">\n\t\t\t\t\t\t<div class=\"elementor-element elementor-element-b172afd elementor-widget elementor-widget-spacer\" data-id=\"b172afd\" data-element_type=\"widget\" data-e-type=\"widget\" data-widget_type=\"spacer.default\">\n\t\t\t\t\t\t\t<div class=\"elementor-spacer\">\n\t\t\t<div class=\"elementor-spacer-inner\"><\/div>\n\t\t<\/div>\n\t\t\t\t\t\t<\/div>\n\t\t\t\t<div class=\"elementor-element elementor-element-413704f elementor-align-center elementor-widget elementor-widget-button\" data-id=\"413704f\" data-element_type=\"widget\" data-e-type=\"widget\" data-widget_type=\"button.default\">\n\t\t\t\t\t\t\t\t\t\t<a class=\"elementor-button elementor-button-link elementor-size-md\" href=\"https:\/\/studiomigratorio.com\/es\/agenda\/\" target=\"_blank\">\n\t\t\t\t\t\t<span class=\"elementor-button-content-wrapper\">\n\t\t\t\t\t\t<span class=\"elementor-button-icon\">\n\t\t\t\t<svg aria-hidden=\"true\" class=\"e-font-icon-svg e-far-hand-paper\" viewbox=\"0 0 448 512\" xmlns=\"http:\/\/www.w3.org\/2000\/svg\"><path d=\"M372.57 112.641v-10.825c0-43.612-40.52-76.691-83.039-65.546-25.629-49.5-94.09-47.45-117.982.747C130.269 26.456 89.144 57.945 89.144 102v126.13c-19.953-7.427-43.308-5.068-62.083 8.871-29.355 21.796-35.794 63.333-14.55 93.153L132.48 498.569a32 32 0 0 0 26.062 13.432h222.897c14.904 0 27.835-10.289 31.182-24.813l30.184-130.958A203.637 203.637 0 0 0 448 310.564V179c0-40.62-35.523-71.992-75.43-66.359zm27.427 197.922c0 11.731-1.334 23.469-3.965 34.886L368.707 464h-201.92L51.591 302.303c-14.439-20.27 15.023-42.776 29.394-22.605l27.128 38.079c8.995 12.626 29.031 6.287 29.031-9.283V102c0-25.645 36.571-24.81 36.571.691V256c0 8.837 7.163 16 16 16h6.856c8.837 0 16-7.163 16-16V67c0-25.663 36.571-24.81 36.571.691V256c0 8.837 7.163 16 16 16h6.856c8.837 0 16-7.163 16-16V101.125c0-25.672 36.57-24.81 36.57.691V256c0 8.837 7.163 16 16 16h6.857c8.837 0 16-7.163 16-16v-76.309c0-26.242 36.57-25.64 36.57-.691v131.563z\"><\/path><\/svg>\t\t\t<\/span>\n\t\t\t\t\t\t\t\t\t<span class=\"elementor-button-text\">Quiero una cita<\/span>\n\t\t\t\t\t<\/span>\n\t\t\t\t\t<\/a>\n\t\t\t\t\t\t\t\t<\/div>\n\t\t\t\t\t<\/div>\n\t\t<\/div>\n\t\t\t\t\t<\/div>\n\t\t<\/section>\n\t\t\t\t<\/div>","protected":false},"excerpt":{"rendered":"<p>VISTOS E AUTORIZA\u00c7\u00d5ES Quer viver legalmente na Espanha, mas n\u00e3o sabe como? Conte comigo! Necess\u00e1rios para trabalhar, morar ou estudar legalmente na Espanha por um per\u00edodo superior a 3 meses, os vistos e\/ou autoriza\u00e7\u00f5es s\u00e3o requisitos obrigat\u00f3rios para brasileiros que n\u00e3o tem dupla cidadania de algum pa\u00eds da Uni\u00e3o Europeia.\u00a0\u00a0 Tramitados desde o Brasil, em [&hellip;]<\/p>\n","protected":false},"author":2,"featured_media":0,"parent":0,"menu_order":0,"comment_status":"closed","ping_status":"closed","template":"","meta":{"footnotes":""},"class_list":["post-110","page","type-page","status-publish","hentry"],"blocksy_meta":{"styles_descriptor":{"styles":{"desktop":"","tablet":"","mobile":""},"google_fonts":[],"version":6}},"yoast_head":"<!-- This site is optimized with the Yoast SEO plugin v27.4 - https:\/\/yoast.com\/product\/yoast-seo-wordpress\/ -->\n<title>Studio Migrat\u00f3rio - Assessoria de Imigra\u00e7\u00e3o na Espanha<\/title>\n<meta name=\"description\" content=\"Assessoria de imigra\u00e7\u00e3o para estudar, trabalhar ou viver na Espanha. Assessoria para solicitar vistos, vagas e matr\u00edculas universit\u00e1rias, etc.\" \/>\n<meta name=\"robots\" content=\"index, follow, max-snippet:-1, max-image-preview:large, max-video-preview:-1\" \/>\n<link rel=\"canonical\" href=\"https:\/\/studiomigratorio.com\/es\/vistos-e-autorizacoes\/\" \/>\n<meta property=\"og:locale\" content=\"es_ES\" \/>\n<meta property=\"og:type\" content=\"article\" \/>\n<meta property=\"og:title\" content=\"Studio Migrat\u00f3rio - Assessoria de Imigra\u00e7\u00e3o na Espanha\" \/>\n<meta property=\"og:description\" content=\"Assessoria de imigra\u00e7\u00e3o para estudar, trabalhar ou viver na Espanha. Assessoria para solicitar vistos, vagas e matr\u00edculas universit\u00e1rias, etc.\" \/>\n<meta property=\"og:url\" content=\"https:\/\/studiomigratorio.com\/es\/vistos-e-autorizacoes\/\" \/>\n<meta property=\"og:site_name\" content=\"Studio Migrat\u00f3rio\" \/>\n<meta property=\"article:modified_time\" content=\"2023-11-24T08:10:48+00:00\" \/>\n<meta property=\"og:image\" content=\"https:\/\/studiomigratorio.com\/wp-content\/uploads\/2022\/01\/visa-online-application-concept-open-passport-wit-2021-08-26-16-57-03-utc-768x576.jpg\" \/>\n<meta name=\"twitter:card\" content=\"summary_large_image\" \/>\n<meta name=\"twitter:label1\" content=\"Tiempo de lectura\" \/>\n\t<meta name=\"twitter:data1\" content=\"2 minutos\" \/>\n<script type=\"application\/ld+json\" class=\"yoast-schema-graph\">{\"@context\":\"https:\\\/\\\/schema.org\",\"@graph\":[{\"@type\":\"WebPage\",\"@id\":\"https:\\\/\\\/studiomigratorio.com\\\/vistos-e-autorizacoes\\\/\",\"url\":\"https:\\\/\\\/studiomigratorio.com\\\/vistos-e-autorizacoes\\\/\",\"name\":\"Studio Migrat\u00f3rio - Assessoria de Imigra\u00e7\u00e3o na Espanha\",\"isPartOf\":{\"@id\":\"https:\\\/\\\/studiomigratorio.com\\\/#website\"},\"primaryImageOfPage\":{\"@id\":\"https:\\\/\\\/studiomigratorio.com\\\/vistos-e-autorizacoes\\\/#primaryimage\"},\"image\":{\"@id\":\"https:\\\/\\\/studiomigratorio.com\\\/vistos-e-autorizacoes\\\/#primaryimage\"},\"thumbnailUrl\":\"https:\\\/\\\/studiomigratorio.com\\\/wp-content\\\/uploads\\\/2022\\\/01\\\/visa-online-application-concept-open-passport-wit-2021-08-26-16-57-03-utc-768x576.jpg\",\"datePublished\":\"2018-09-03T15:07:49+00:00\",\"dateModified\":\"2023-11-24T08:10:48+00:00\",\"description\":\"Assessoria de imigra\u00e7\u00e3o para estudar, trabalhar ou viver na Espanha. Assessoria para solicitar vistos, vagas e matr\u00edculas universit\u00e1rias, etc.\",\"breadcrumb\":{\"@id\":\"https:\\\/\\\/studiomigratorio.com\\\/vistos-e-autorizacoes\\\/#breadcrumb\"},\"inLanguage\":\"es\",\"potentialAction\":[{\"@type\":\"ReadAction\",\"target\":[\"https:\\\/\\\/studiomigratorio.com\\\/vistos-e-autorizacoes\\\/\"]}]},{\"@type\":\"ImageObject\",\"inLanguage\":\"es\",\"@id\":\"https:\\\/\\\/studiomigratorio.com\\\/vistos-e-autorizacoes\\\/#primaryimage\",\"url\":\"https:\\\/\\\/studiomigratorio.com\\\/wp-content\\\/uploads\\\/2022\\\/01\\\/visa-online-application-concept-open-passport-wit-2021-08-26-16-57-03-utc-768x576.jpg\",\"contentUrl\":\"https:\\\/\\\/studiomigratorio.com\\\/wp-content\\\/uploads\\\/2022\\\/01\\\/visa-online-application-concept-open-passport-wit-2021-08-26-16-57-03-utc-768x576.jpg\"},{\"@type\":\"BreadcrumbList\",\"@id\":\"https:\\\/\\\/studiomigratorio.com\\\/vistos-e-autorizacoes\\\/#breadcrumb\",\"itemListElement\":[{\"@type\":\"ListItem\",\"position\":1,\"name\":\"Portada\",\"item\":\"https:\\\/\\\/studiomigratorio.com\\\/\"},{\"@type\":\"ListItem\",\"position\":2,\"name\":\"Vistos e Autoriza\u00e7\u00f5es\"}]},{\"@type\":\"WebSite\",\"@id\":\"https:\\\/\\\/studiomigratorio.com\\\/#website\",\"url\":\"https:\\\/\\\/studiomigratorio.com\\\/\",\"name\":\"Studio Migrat\u00f3rio\",\"description\":\"Studio Migrat\u00f3rio para Espanha\",\"publisher\":{\"@id\":\"https:\\\/\\\/studiomigratorio.com\\\/#\\\/schema\\\/person\\\/8b0bad7ae66355a8566a6db71308101b\"},\"potentialAction\":[{\"@type\":\"SearchAction\",\"target\":{\"@type\":\"EntryPoint\",\"urlTemplate\":\"https:\\\/\\\/studiomigratorio.com\\\/?s={search_term_string}\"},\"query-input\":{\"@type\":\"PropertyValueSpecification\",\"valueRequired\":true,\"valueName\":\"search_term_string\"}}],\"inLanguage\":\"es\"},{\"@type\":[\"Person\",\"Organization\"],\"@id\":\"https:\\\/\\\/studiomigratorio.com\\\/#\\\/schema\\\/person\\\/8b0bad7ae66355a8566a6db71308101b\",\"name\":\"Amanda Kalil\",\"image\":{\"@type\":\"ImageObject\",\"inLanguage\":\"es\",\"@id\":\"https:\\\/\\\/studiomigratorio.com\\\/wp-content\\\/uploads\\\/2020\\\/12\\\/IMG_20201121_152036-scaled.jpg\",\"url\":\"https:\\\/\\\/studiomigratorio.com\\\/wp-content\\\/uploads\\\/2020\\\/12\\\/IMG_20201121_152036-scaled.jpg\",\"contentUrl\":\"https:\\\/\\\/studiomigratorio.com\\\/wp-content\\\/uploads\\\/2020\\\/12\\\/IMG_20201121_152036-scaled.jpg\",\"width\":1920,\"height\":2560,\"caption\":\"Amanda Kalil\"},\"logo\":{\"@id\":\"https:\\\/\\\/studiomigratorio.com\\\/wp-content\\\/uploads\\\/2020\\\/12\\\/IMG_20201121_152036-scaled.jpg\"},\"sameAs\":[\"https:\\\/\\\/studiomigratorio.com\\\/\"]}]}<\/script>\n<!-- \/ Yoast SEO plugin. -->","yoast_head_json":{"title":"Studio Migrat\u00f3rio - Assessoria de Imigra\u00e7\u00e3o na Espanha","description":"Assessoria de imigra\u00e7\u00e3o para estudar, trabalhar ou viver na Espanha. Assessoria para solicitar vistos, vagas e matr\u00edculas universit\u00e1rias, etc.","robots":{"index":"index","follow":"follow","max-snippet":"max-snippet:-1","max-image-preview":"max-image-preview:large","max-video-preview":"max-video-preview:-1"},"canonical":"https:\/\/studiomigratorio.com\/es\/vistos-e-autorizacoes\/","og_locale":"es_ES","og_type":"article","og_title":"Studio Migrat\u00f3rio - Assessoria de Imigra\u00e7\u00e3o na Espanha","og_description":"Assessoria de imigra\u00e7\u00e3o para estudar, trabalhar ou viver na Espanha. Assessoria para solicitar vistos, vagas e matr\u00edculas universit\u00e1rias, etc.","og_url":"https:\/\/studiomigratorio.com\/es\/vistos-e-autorizacoes\/","og_site_name":"Studio Migrat\u00f3rio","article_modified_time":"2023-11-24T08:10:48+00:00","og_image":[{"url":"https:\/\/studiomigratorio.com\/wp-content\/uploads\/2022\/01\/visa-online-application-concept-open-passport-wit-2021-08-26-16-57-03-utc-768x576.jpg","type":"","width":"","height":""}],"twitter_card":"summary_large_image","twitter_misc":{"Tiempo de lectura":"2 minutos"},"schema":{"@context":"https:\/\/schema.org","@graph":[{"@type":"WebPage","@id":"https:\/\/studiomigratorio.com\/vistos-e-autorizacoes\/","url":"https:\/\/studiomigratorio.com\/vistos-e-autorizacoes\/","name":"Studio Migrat\u00f3rio - Assessoria de Imigra\u00e7\u00e3o na Espanha","isPartOf":{"@id":"https:\/\/studiomigratorio.com\/#website"},"primaryImageOfPage":{"@id":"https:\/\/studiomigratorio.com\/vistos-e-autorizacoes\/#primaryimage"},"image":{"@id":"https:\/\/studiomigratorio.com\/vistos-e-autorizacoes\/#primaryimage"},"thumbnailUrl":"https:\/\/studiomigratorio.com\/wp-content\/uploads\/2022\/01\/visa-online-application-concept-open-passport-wit-2021-08-26-16-57-03-utc-768x576.jpg","datePublished":"2018-09-03T15:07:49+00:00","dateModified":"2023-11-24T08:10:48+00:00","description":"Assessoria de imigra\u00e7\u00e3o para estudar, trabalhar ou viver na Espanha. Assessoria para solicitar vistos, vagas e matr\u00edculas universit\u00e1rias, etc.","breadcrumb":{"@id":"https:\/\/studiomigratorio.com\/vistos-e-autorizacoes\/#breadcrumb"},"inLanguage":"es","potentialAction":[{"@type":"ReadAction","target":["https:\/\/studiomigratorio.com\/vistos-e-autorizacoes\/"]}]},{"@type":"ImageObject","inLanguage":"es","@id":"https:\/\/studiomigratorio.com\/vistos-e-autorizacoes\/#primaryimage","url":"https:\/\/studiomigratorio.com\/wp-content\/uploads\/2022\/01\/visa-online-application-concept-open-passport-wit-2021-08-26-16-57-03-utc-768x576.jpg","contentUrl":"https:\/\/studiomigratorio.com\/wp-content\/uploads\/2022\/01\/visa-online-application-concept-open-passport-wit-2021-08-26-16-57-03-utc-768x576.jpg"},{"@type":"BreadcrumbList","@id":"https:\/\/studiomigratorio.com\/vistos-e-autorizacoes\/#breadcrumb","itemListElement":[{"@type":"ListItem","position":1,"name":"Portada","item":"https:\/\/studiomigratorio.com\/"},{"@type":"ListItem","position":2,"name":"Vistos e Autoriza\u00e7\u00f5es"}]},{"@type":"WebSite","@id":"https:\/\/studiomigratorio.com\/#website","url":"https:\/\/studiomigratorio.com\/","name":"Studio Migrat\u00f3rio","description":"Studio Migrat\u00f3rio para Espanha","publisher":{"@id":"https:\/\/studiomigratorio.com\/#\/schema\/person\/8b0bad7ae66355a8566a6db71308101b"},"potentialAction":[{"@type":"SearchAction","target":{"@type":"EntryPoint","urlTemplate":"https:\/\/studiomigratorio.com\/?s={search_term_string}"},"query-input":{"@type":"PropertyValueSpecification","valueRequired":true,"valueName":"search_term_string"}}],"inLanguage":"es"},{"@type":["Person","Organization"],"@id":"https:\/\/studiomigratorio.com\/#\/schema\/person\/8b0bad7ae66355a8566a6db71308101b","name":"Amanda Kalil","image":{"@type":"ImageObject","inLanguage":"es","@id":"https:\/\/studiomigratorio.com\/wp-content\/uploads\/2020\/12\/IMG_20201121_152036-scaled.jpg","url":"https:\/\/studiomigratorio.com\/wp-content\/uploads\/2020\/12\/IMG_20201121_152036-scaled.jpg","contentUrl":"https:\/\/studiomigratorio.com\/wp-content\/uploads\/2020\/12\/IMG_20201121_152036-scaled.jpg","width":1920,"height":2560,"caption":"Amanda Kalil"},"logo":{"@id":"https:\/\/studiomigratorio.com\/wp-content\/uploads\/2020\/12\/IMG_20201121_152036-scaled.jpg"},"sameAs":["https:\/\/studiomigratorio.com\/"]}]}},"amp_enabled":true,"_links":{"self":[{"href":"https:\/\/studiomigratorio.com\/es\/wp-json\/wp\/v2\/pages\/110","targetHints":{"allow":["GET"]}}],"collection":[{"href":"https:\/\/studiomigratorio.com\/es\/wp-json\/wp\/v2\/pages"}],"about":[{"href":"https:\/\/studiomigratorio.com\/es\/wp-json\/wp\/v2\/types\/page"}],"author":[{"embeddable":true,"href":"https:\/\/studiomigratorio.com\/es\/wp-json\/wp\/v2\/users\/2"}],"replies":[{"embeddable":true,"href":"https:\/\/studiomigratorio.com\/es\/wp-json\/wp\/v2\/comments?post=110"}],"version-history":[{"count":0,"href":"https:\/\/studiomigratorio.com\/es\/wp-json\/wp\/v2\/pages\/110\/revisions"}],"wp:attachment":[{"href":"https:\/\/studiomigratorio.com\/es\/wp-json\/wp\/v2\/media?parent=110"}],"curies":[{"name":"wp","href":"https:\/\/api.w.org\/{rel}","templated":true}]}}