{"id":1630,"date":"2020-11-02T10:15:14","date_gmt":"2020-11-02T10:15:14","guid":{"rendered":"https:\/\/amandakalil.com\/?page_id=1630"},"modified":"2025-07-15T20:28:13","modified_gmt":"2025-07-15T20:28:13","slug":"reconhecimento-diploma-na-espanha","status":"publish","type":"page","link":"https:\/\/studiomigratorio.com\/es\/reconhecimento-diploma-na-espanha\/","title":{"rendered":"Convalidaci\u00f3n, homologaci\u00f3n y equivalencia de t\u00edtulos universitarios"},"content":{"rendered":"<div data-elementor-type=\"wp-page\" data-elementor-id=\"1630\" class=\"elementor elementor-1630\">\n\t\t\t\t\t\t<section class=\"elementor-section elementor-top-section elementor-element elementor-element-19cceae elementor-section-boxed elementor-section-height-default elementor-section-height-default\" data-id=\"19cceae\" data-element_type=\"section\" data-e-type=\"section\">\n\t\t\t\t\t\t<div class=\"elementor-container elementor-column-gap-default\">\n\t\t\t\t\t<div class=\"elementor-column elementor-col-100 elementor-top-column elementor-element elementor-element-d33b543\" data-id=\"d33b543\" data-element_type=\"column\" data-e-type=\"column\">\n\t\t\t<div class=\"elementor-widget-wrap elementor-element-populated\">\n\t\t\t\t\t\t<div class=\"elementor-element elementor-element-01d49fd elementor-widget elementor-widget-spacer\" data-id=\"01d49fd\" data-element_type=\"widget\" data-e-type=\"widget\" data-widget_type=\"spacer.default\">\n\t\t\t\t\t\t\t<div class=\"elementor-spacer\">\n\t\t\t<div class=\"elementor-spacer-inner\"><\/div>\n\t\t<\/div>\n\t\t\t\t\t\t<\/div>\n\t\t\t\t<div class=\"elementor-element elementor-element-7d93076 elementor-widget elementor-widget-heading\" data-id=\"7d93076\" data-element_type=\"widget\" data-e-type=\"widget\" data-widget_type=\"heading.default\">\n\t\t\t\t\t<h1 class=\"elementor-heading-title elementor-size-default\">Convalidaci\u00f3n, homologaci\u00f3n y equivalencia de t\u00edtulos universitarios<\/h1>\t\t\t\t<\/div>\n\t\t\t\t<div class=\"elementor-element elementor-element-ff391d2 elementor-widget elementor-widget-spacer\" data-id=\"ff391d2\" data-element_type=\"widget\" data-e-type=\"widget\" data-widget_type=\"spacer.default\">\n\t\t\t\t\t\t\t<div class=\"elementor-spacer\">\n\t\t\t<div class=\"elementor-spacer-inner\"><\/div>\n\t\t<\/div>\n\t\t\t\t\t\t<\/div>\n\t\t\t\t<section class=\"elementor-section elementor-inner-section elementor-element elementor-element-3529ada elementor-section-boxed elementor-section-height-default elementor-section-height-default\" data-id=\"3529ada\" data-element_type=\"section\" data-e-type=\"section\">\n\t\t\t\t\t\t<div class=\"elementor-container elementor-column-gap-default\">\n\t\t\t\t\t<div class=\"elementor-column elementor-col-50 elementor-inner-column elementor-element elementor-element-ff00742\" data-id=\"ff00742\" data-element_type=\"column\" data-e-type=\"column\">\n\t\t\t<div class=\"elementor-widget-wrap elementor-element-populated\">\n\t\t\t\t\t\t<div class=\"elementor-element elementor-element-3e65858 elementor-widget elementor-widget-image\" data-id=\"3e65858\" data-element_type=\"widget\" data-e-type=\"widget\" data-widget_type=\"image.default\">\n\t\t\t\t\t\t\t\t\t\t\t\t\t\t\t<img fetchpriority=\"high\" decoding=\"async\" width=\"768\" height=\"510\" src=\"https:\/\/studiomigratorio.com\/wp-content\/uploads\/2022\/07\/college-graduate-student-diploma-piggy-bank-2022-06-04-00-51-44-utc-768x510.jpg\" class=\"attachment-medium_large size-medium_large wp-image-6103\" alt=\"\" srcset=\"https:\/\/studiomigratorio.com\/wp-content\/uploads\/2022\/07\/college-graduate-student-diploma-piggy-bank-2022-06-04-00-51-44-utc-768x510.jpg 768w, https:\/\/studiomigratorio.com\/wp-content\/uploads\/2022\/07\/college-graduate-student-diploma-piggy-bank-2022-06-04-00-51-44-utc-300x199.jpg 300w, https:\/\/studiomigratorio.com\/wp-content\/uploads\/2022\/07\/college-graduate-student-diploma-piggy-bank-2022-06-04-00-51-44-utc-1024x679.jpg 1024w, https:\/\/studiomigratorio.com\/wp-content\/uploads\/2022\/07\/college-graduate-student-diploma-piggy-bank-2022-06-04-00-51-44-utc-1536x1019.jpg 1536w, https:\/\/studiomigratorio.com\/wp-content\/uploads\/2022\/07\/college-graduate-student-diploma-piggy-bank-2022-06-04-00-51-44-utc-scaled.jpg 2048w\" sizes=\"(max-width: 768px) 100vw, 768px\" data-hero-candidate=\"\" \/>\t\t\t\t\t\t\t\t\t\t\t\t\t\t\t<\/div>\n\t\t\t\t<div class=\"elementor-element elementor-element-d388ac2 elementor-widget elementor-widget-text-editor\" data-id=\"d388ac2\" data-element_type=\"widget\" data-e-type=\"widget\" data-widget_type=\"text-editor.default\">\n\t\t\t\t\t\t\t\t\t<p><b>Asesoramiento personalizado para que pueda iniciar sus estudios en Espa\u00f1a<\/b><\/p><p><span style=\"font-weight: 400;\">Procesos dirigidos a profesionales o estudiantes brasile\u00f1os que deseen formarse o continuar sus estudios en Espa\u00f1a, la convalidaci\u00f3n, equivalencia y homologaci\u00f3n de t\u00edtulos son necesarias para <\/span><b>validar y legalizar certificados acad\u00e9micos<\/b><span style=\"font-weight: 400;\"> obtenidos en Brasil.\u00a0\u00a0<\/span><\/p><p><span style=\"font-weight: 400;\">La <\/span><b>validaci\u00f3n <\/b><span style=\"font-weight: 400;\">est\u00e1 dirigido tanto a los estudiantes que han cursado parte de sus estudios en Brasil y desean continuar en Espa\u00f1a, de forma similar a un procedimiento de traslado universitario, como a aquellos que necesitan cursar asignaturas complementarias para tener derecho a un t\u00edtulo espa\u00f1ol. En ambos casos, la solicitud se realiza directamente a la universidad de inter\u00e9s.<\/span><\/p>\t\t\t\t\t\t\t\t<\/div>\n\t\t\t\t\t<\/div>\n\t\t<\/div>\n\t\t\t\t<div class=\"elementor-column elementor-col-50 elementor-inner-column elementor-element elementor-element-611e617\" data-id=\"611e617\" data-element_type=\"column\" data-e-type=\"column\">\n\t\t\t<div class=\"elementor-widget-wrap elementor-element-populated\">\n\t\t\t\t\t\t<div class=\"elementor-element elementor-element-5d80483 elementor-widget elementor-widget-text-editor\" data-id=\"5d80483\" data-element_type=\"widget\" data-e-type=\"widget\" data-widget_type=\"text-editor.default\">\n\t\t\t\t\t\t\t\t\t<p><span style=\"font-weight: 400;\">Por otra parte, la <b>homologaci\u00f3n <\/b>se refiere al reconocimiento total de un curso realizado fuera de Espa\u00f1a y lo lleva a cabo el Ministerio de Universidades, que se encarga de que un t\u00edtulo extranjero sea equivalente a uno espa\u00f1ol. Sin embargo, no todos los estudios superiores pueden homologarse, por lo que siempre es importante contar con apoyo profesional para analizar el caso.<\/span><\/p>\n<p><span style=\"font-weight: 400;\">Por \u00faltimo, la <\/span><b>equivalencia <\/b><span style=\"font-weight: 400;\">es un tr\u00e1mite m\u00e1s sencillo, cuyo objetivo es reconocer la validez del curso realizado en el extranjero a nivel acad\u00e9mico en Espa\u00f1a. El tr\u00e1mite tambi\u00e9n lo realiza el Ministerio de Universidades y no habilita para el ejercicio de profesiones reguladas, pero otorga reconocimiento a tu t\u00edtulo.<\/span><\/p>\n<p><span style=\"font-weight: 400;\">Al contratar el <\/span><b>asesoramiento personalizado<\/b><span style=\"font-weight: 400;\"> para algum destes 3 procedimentos, voc\u00ea contar\u00e1 com uma reuni\u00e3o inicial para tirar d\u00favidas e receber\u00e1 todo o suporte e instru\u00e7\u00f5es necess\u00e1rias para&nbsp; reunir e legalizar a documenta\u00e7\u00e3o pertinente ao seu caso.&nbsp;&nbsp;<\/span><\/p>\n<p><span style=\"font-weight: 400;\">Con <\/span><b>transparencia y \u00e9tica<\/b><span style=\"font-weight: 400;\">, dirigir\u00e9 su proceso desde la <\/span><b>gesti\u00f3n de documentos<\/b><span style=\"font-weight: 400;\"> y <\/span><b>entrada de pedidos<\/b><span style=\"font-weight: 400;\"> ante las autoridades competentes, hasta <\/span><b>resolver el caso<\/b><span style=\"font-weight: 400;\">. Un servicio completo, estructurado para ofrecerle seguridad y tranquilidad de principio a fin.&nbsp;&nbsp;<\/span><\/p>\n<p><span style=\"font-weight: 400;\">Para reservar una cita en l\u00ednea, visite mi sitio web. <\/span><a href=\"https:\/\/studiomigratorio.com\/es\/agenda\/\"><span style=\"font-weight: 400;\">Agenda virtual<\/span><\/a><span style=\"font-weight: 400;\"> y compruebe los horarios y fechas disponibles. Si tiene alguna pregunta, p\u00f3ngase en contacto con nosotros enviando un correo electr\u00f3nico a:&nbsp;<\/span><span style=\"font-style: var(--theme-font-style, inherit); font-variant-caps: inherit; letter-spacing: var(--theme-letter-spacing); text-transform: var(--theme-text-transform); text-decoration: var(--theme-text-decoration);\">info@studiomigratorio.com<\/span><\/p>\t\t\t\t\t\t\t\t<\/div>\n\t\t\t\t\t<\/div>\n\t\t<\/div>\n\t\t\t\t\t<\/div>\n\t\t<\/section>\n\t\t\t\t\t<\/div>\n\t\t<\/div>\n\t\t\t\t\t<\/div>\n\t\t<\/section>\n\t\t\t\t<section class=\"elementor-section elementor-top-section elementor-element elementor-element-5b9ce77 elementor-section-boxed elementor-section-height-default elementor-section-height-default\" data-id=\"5b9ce77\" data-element_type=\"section\" data-e-type=\"section\">\n\t\t\t\t\t\t<div class=\"elementor-container elementor-column-gap-default\">\n\t\t\t\t\t<div class=\"elementor-column elementor-col-100 elementor-top-column elementor-element elementor-element-e702880\" data-id=\"e702880\" data-element_type=\"column\" data-e-type=\"column\">\n\t\t\t<div class=\"elementor-widget-wrap elementor-element-populated\">\n\t\t\t\t\t\t<div class=\"elementor-element elementor-element-eb247c4 elementor-widget elementor-widget-spacer\" data-id=\"eb247c4\" data-element_type=\"widget\" data-e-type=\"widget\" data-widget_type=\"spacer.default\">\n\t\t\t\t\t\t\t<div class=\"elementor-spacer\">\n\t\t\t<div class=\"elementor-spacer-inner\"><\/div>\n\t\t<\/div>\n\t\t\t\t\t\t<\/div>\n\t\t\t\t<div class=\"elementor-element elementor-element-3be1290 elementor-align-center elementor-widget elementor-widget-button\" data-id=\"3be1290\" data-element_type=\"widget\" data-e-type=\"widget\" data-widget_type=\"button.default\">\n\t\t\t\t\t\t\t\t\t\t<a class=\"elementor-button elementor-button-link elementor-size-md\" href=\"https:\/\/studiomigratorio.com\/es\/agenda\/\" target=\"_blank\" rel=\"nofollow\">\n\t\t\t\t\t\t<span class=\"elementor-button-content-wrapper\">\n\t\t\t\t\t\t<span class=\"elementor-button-icon\">\n\t\t\t\t<svg aria-hidden=\"true\" class=\"e-font-icon-svg e-far-edit\" viewbox=\"0 0 576 512\" xmlns=\"http:\/\/www.w3.org\/2000\/svg\"><path d=\"M402.3 344.9l32-32c5-5 13.7-1.5 13.7 5.7V464c0 26.5-21.5 48-48 48H48c-26.5 0-48-21.5-48-48V112c0-26.5 21.5-48 48-48h273.5c7.1 0 10.7 8.6 5.7 13.7l-32 32c-1.5 1.5-3.5 2.3-5.7 2.3H48v352h352V350.5c0-2.1.8-4.1 2.3-5.6zm156.6-201.8L296.3 405.7l-90.4 10c-26.2 2.9-48.5-19.2-45.6-45.6l10-90.4L432.9 17.1c22.9-22.9 59.9-22.9 82.7 0l43.2 43.2c22.9 22.9 22.9 60 .1 82.8zM460.1 174L402 115.9 216.2 301.8l-7.3 65.3 65.3-7.3L460.1 174zm64.8-79.7l-43.2-43.2c-4.1-4.1-10.8-4.1-14.8 0L436 82l58.1 58.1 30.9-30.9c4-4.2 4-10.8-.1-14.9z\"><\/path><\/svg>\t\t\t<\/span>\n\t\t\t\t\t\t\t\t\t<span class=\"elementor-button-text\">Concierte una cita<\/span>\n\t\t\t\t\t<\/span>\n\t\t\t\t\t<\/a>\n\t\t\t\t\t\t\t\t<\/div>\n\t\t\t\t\t<\/div>\n\t\t<\/div>\n\t\t\t\t\t<\/div>\n\t\t<\/section>\n\t\t\t\t<\/div>","protected":false},"excerpt":{"rendered":"<p>Convalida\u00e7\u00e3o, Homologa\u00e7\u00e3o e Equival\u00eancia de Diplomas Universit\u00e1rios Assessoria personalizada para que voc\u00ea possa iniciar seus estudos na Espanha Processos direcionados a profissionais ou estudantes brasileiros que desejam exercer a forma\u00e7\u00e3o ou continuar os estudos na Espanha, a convalida\u00e7\u00e3o, a equival\u00eancia e a homologa\u00e7\u00e3o\u00a0 de diplomas s\u00e3o necess\u00e1rias para validar e legalizar os certificados acad\u00eamicos obtidos [&hellip;]<\/p>\n","protected":false},"author":2,"featured_media":6103,"parent":0,"menu_order":0,"comment_status":"closed","ping_status":"closed","template":"","meta":{"footnotes":""},"class_list":["post-1630","page","type-page","status-publish","has-post-thumbnail","hentry"],"blocksy_meta":{"styles_descriptor":{"styles":{"desktop":"","tablet":"","mobile":""},"google_fonts":[],"version":6}},"yoast_head":"<!-- This site is optimized with the Yoast SEO plugin v27.2 - https:\/\/yoast.com\/product\/yoast-seo-wordpress\/ -->\n<title>Convalida\u00e7\u00e3o, Homologa\u00e7\u00e3o e Equival\u00eancia de Diplomas Universit\u00e1rios - Studio Migrat\u00f3rio<\/title>\n<meta name=\"robots\" content=\"index, follow, max-snippet:-1, max-image-preview:large, max-video-preview:-1\" \/>\n<link rel=\"canonical\" href=\"https:\/\/studiomigratorio.com\/es\/reconhecimento-diploma-na-espanha\/\" \/>\n<meta property=\"og:locale\" content=\"es_ES\" \/>\n<meta property=\"og:type\" content=\"article\" \/>\n<meta property=\"og:title\" content=\"Convalida\u00e7\u00e3o, Homologa\u00e7\u00e3o e Equival\u00eancia de Diplomas Universit\u00e1rios - Studio Migrat\u00f3rio\" \/>\n<meta property=\"og:description\" content=\"Convalida\u00e7\u00e3o, Homologa\u00e7\u00e3o e Equival\u00eancia de Diplomas Universit\u00e1rios Assessoria personalizada para que voc\u00ea possa iniciar seus estudos na Espanha Processos direcionados a profissionais ou estudantes brasileiros que desejam exercer a forma\u00e7\u00e3o ou continuar os estudos na Espanha, a convalida\u00e7\u00e3o, a equival\u00eancia e a homologa\u00e7\u00e3o\u00a0 de diplomas s\u00e3o necess\u00e1rias para validar e legalizar os certificados acad\u00eamicos obtidos [&hellip;]\" \/>\n<meta property=\"og:url\" content=\"https:\/\/studiomigratorio.com\/es\/reconhecimento-diploma-na-espanha\/\" \/>\n<meta property=\"og:site_name\" content=\"Studio Migrat\u00f3rio\" \/>\n<meta property=\"article:modified_time\" content=\"2025-07-15T20:28:13+00:00\" \/>\n<meta property=\"og:image\" content=\"https:\/\/studiomigratorio.com\/wp-content\/uploads\/2022\/07\/college-graduate-student-diploma-piggy-bank-2022-06-04-00-51-44-utc-scaled.jpg\" \/>\n\t<meta property=\"og:image:width\" content=\"2048\" \/>\n\t<meta property=\"og:image:height\" content=\"1358\" \/>\n\t<meta property=\"og:image:type\" content=\"image\/jpeg\" \/>\n<meta name=\"twitter:card\" content=\"summary_large_image\" \/>\n<meta name=\"twitter:label1\" content=\"Tiempo de lectura\" \/>\n\t<meta name=\"twitter:data1\" content=\"2 minutos\" \/>\n<script type=\"application\/ld+json\" class=\"yoast-schema-graph\">{\"@context\":\"https:\/\/schema.org\",\"@graph\":[{\"@type\":\"WebPage\",\"@id\":\"https:\/\/studiomigratorio.com\/reconhecimento-diploma-na-espanha\/\",\"url\":\"https:\/\/studiomigratorio.com\/reconhecimento-diploma-na-espanha\/\",\"name\":\"Convalida\u00e7\u00e3o, Homologa\u00e7\u00e3o e Equival\u00eancia de Diplomas Universit\u00e1rios - Studio Migrat\u00f3rio\",\"isPartOf\":{\"@id\":\"https:\/\/studiomigratorio.com\/#website\"},\"primaryImageOfPage\":{\"@id\":\"https:\/\/studiomigratorio.com\/reconhecimento-diploma-na-espanha\/#primaryimage\"},\"image\":{\"@id\":\"https:\/\/studiomigratorio.com\/reconhecimento-diploma-na-espanha\/#primaryimage\"},\"thumbnailUrl\":\"https:\/\/studiomigratorio.com\/wp-content\/uploads\/2022\/07\/college-graduate-student-diploma-piggy-bank-2022-06-04-00-51-44-utc-scaled.jpg\",\"datePublished\":\"2020-11-02T10:15:14+00:00\",\"dateModified\":\"2025-07-15T20:28:13+00:00\",\"breadcrumb\":{\"@id\":\"https:\/\/studiomigratorio.com\/reconhecimento-diploma-na-espanha\/#breadcrumb\"},\"inLanguage\":\"es\",\"potentialAction\":[{\"@type\":\"ReadAction\",\"target\":[\"https:\/\/studiomigratorio.com\/reconhecimento-diploma-na-espanha\/\"]}]},{\"@type\":\"ImageObject\",\"inLanguage\":\"es\",\"@id\":\"https:\/\/studiomigratorio.com\/reconhecimento-diploma-na-espanha\/#primaryimage\",\"url\":\"https:\/\/studiomigratorio.com\/wp-content\/uploads\/2022\/07\/college-graduate-student-diploma-piggy-bank-2022-06-04-00-51-44-utc-scaled.jpg\",\"contentUrl\":\"https:\/\/studiomigratorio.com\/wp-content\/uploads\/2022\/07\/college-graduate-student-diploma-piggy-bank-2022-06-04-00-51-44-utc-scaled.jpg\",\"width\":2048,\"height\":1358,\"caption\":\"College graduate student diploma piggy bank\"},{\"@type\":\"BreadcrumbList\",\"@id\":\"https:\/\/studiomigratorio.com\/reconhecimento-diploma-na-espanha\/#breadcrumb\",\"itemListElement\":[{\"@type\":\"ListItem\",\"position\":1,\"name\":\"Portada\",\"item\":\"https:\/\/studiomigratorio.com\/\"},{\"@type\":\"ListItem\",\"position\":2,\"name\":\"Convalida\u00e7\u00e3o, Homologa\u00e7\u00e3o e Equival\u00eancia de Diplomas Universit\u00e1rios\"}]},{\"@type\":\"WebSite\",\"@id\":\"https:\/\/studiomigratorio.com\/#website\",\"url\":\"https:\/\/studiomigratorio.com\/\",\"name\":\"Studio Migrat\u00f3rio\",\"description\":\"Studio Migrat\u00f3rio para Espanha\",\"publisher\":{\"@id\":\"https:\/\/studiomigratorio.com\/#\/schema\/person\/8b0bad7ae66355a8566a6db71308101b\"},\"potentialAction\":[{\"@type\":\"SearchAction\",\"target\":{\"@type\":\"EntryPoint\",\"urlTemplate\":\"https:\/\/studiomigratorio.com\/?s={search_term_string}\"},\"query-input\":{\"@type\":\"PropertyValueSpecification\",\"valueRequired\":true,\"valueName\":\"search_term_string\"}}],\"inLanguage\":\"es\"},{\"@type\":[\"Person\",\"Organization\"],\"@id\":\"https:\/\/studiomigratorio.com\/#\/schema\/person\/8b0bad7ae66355a8566a6db71308101b\",\"name\":\"Amanda Kalil\",\"image\":{\"@type\":\"ImageObject\",\"inLanguage\":\"es\",\"@id\":\"https:\/\/studiomigratorio.com\/wp-content\/uploads\/2020\/12\/IMG_20201121_152036-scaled.jpg\",\"url\":\"https:\/\/studiomigratorio.com\/wp-content\/uploads\/2020\/12\/IMG_20201121_152036-scaled.jpg\",\"contentUrl\":\"https:\/\/studiomigratorio.com\/wp-content\/uploads\/2020\/12\/IMG_20201121_152036-scaled.jpg\",\"width\":1920,\"height\":2560,\"caption\":\"Amanda Kalil\"},\"logo\":{\"@id\":\"https:\/\/studiomigratorio.com\/wp-content\/uploads\/2020\/12\/IMG_20201121_152036-scaled.jpg\"},\"sameAs\":[\"https:\/\/studiomigratorio.com\/\"]}]}<\/script>\n<!-- \/ Yoast SEO plugin. -->","yoast_head_json":{"title":"Convalida\u00e7\u00e3o, Homologa\u00e7\u00e3o e Equival\u00eancia de Diplomas Universit\u00e1rios - Studio Migrat\u00f3rio","robots":{"index":"index","follow":"follow","max-snippet":"max-snippet:-1","max-image-preview":"max-image-preview:large","max-video-preview":"max-video-preview:-1"},"canonical":"https:\/\/studiomigratorio.com\/es\/reconhecimento-diploma-na-espanha\/","og_locale":"es_ES","og_type":"article","og_title":"Convalida\u00e7\u00e3o, Homologa\u00e7\u00e3o e Equival\u00eancia de Diplomas Universit\u00e1rios - Studio Migrat\u00f3rio","og_description":"Convalida\u00e7\u00e3o, Homologa\u00e7\u00e3o e Equival\u00eancia de Diplomas Universit\u00e1rios Assessoria personalizada para que voc\u00ea possa iniciar seus estudos na Espanha Processos direcionados a profissionais ou estudantes brasileiros que desejam exercer a forma\u00e7\u00e3o ou continuar os estudos na Espanha, a convalida\u00e7\u00e3o, a equival\u00eancia e a homologa\u00e7\u00e3o\u00a0 de diplomas s\u00e3o necess\u00e1rias para validar e legalizar os certificados acad\u00eamicos obtidos [&hellip;]","og_url":"https:\/\/studiomigratorio.com\/es\/reconhecimento-diploma-na-espanha\/","og_site_name":"Studio Migrat\u00f3rio","article_modified_time":"2025-07-15T20:28:13+00:00","og_image":[{"width":2048,"height":1358,"url":"https:\/\/studiomigratorio.com\/wp-content\/uploads\/2022\/07\/college-graduate-student-diploma-piggy-bank-2022-06-04-00-51-44-utc-scaled.jpg","type":"image\/jpeg"}],"twitter_card":"summary_large_image","twitter_misc":{"Tiempo de lectura":"2 minutos"},"schema":{"@context":"https:\/\/schema.org","@graph":[{"@type":"WebPage","@id":"https:\/\/studiomigratorio.com\/reconhecimento-diploma-na-espanha\/","url":"https:\/\/studiomigratorio.com\/reconhecimento-diploma-na-espanha\/","name":"Convalida\u00e7\u00e3o, Homologa\u00e7\u00e3o e Equival\u00eancia de Diplomas Universit\u00e1rios - Studio Migrat\u00f3rio","isPartOf":{"@id":"https:\/\/studiomigratorio.com\/#website"},"primaryImageOfPage":{"@id":"https:\/\/studiomigratorio.com\/reconhecimento-diploma-na-espanha\/#primaryimage"},"image":{"@id":"https:\/\/studiomigratorio.com\/reconhecimento-diploma-na-espanha\/#primaryimage"},"thumbnailUrl":"https:\/\/studiomigratorio.com\/wp-content\/uploads\/2022\/07\/college-graduate-student-diploma-piggy-bank-2022-06-04-00-51-44-utc-scaled.jpg","datePublished":"2020-11-02T10:15:14+00:00","dateModified":"2025-07-15T20:28:13+00:00","breadcrumb":{"@id":"https:\/\/studiomigratorio.com\/reconhecimento-diploma-na-espanha\/#breadcrumb"},"inLanguage":"es","potentialAction":[{"@type":"ReadAction","target":["https:\/\/studiomigratorio.com\/reconhecimento-diploma-na-espanha\/"]}]},{"@type":"ImageObject","inLanguage":"es","@id":"https:\/\/studiomigratorio.com\/reconhecimento-diploma-na-espanha\/#primaryimage","url":"https:\/\/studiomigratorio.com\/wp-content\/uploads\/2022\/07\/college-graduate-student-diploma-piggy-bank-2022-06-04-00-51-44-utc-scaled.jpg","contentUrl":"https:\/\/studiomigratorio.com\/wp-content\/uploads\/2022\/07\/college-graduate-student-diploma-piggy-bank-2022-06-04-00-51-44-utc-scaled.jpg","width":2048,"height":1358,"caption":"College graduate student diploma piggy bank"},{"@type":"BreadcrumbList","@id":"https:\/\/studiomigratorio.com\/reconhecimento-diploma-na-espanha\/#breadcrumb","itemListElement":[{"@type":"ListItem","position":1,"name":"Portada","item":"https:\/\/studiomigratorio.com\/"},{"@type":"ListItem","position":2,"name":"Convalida\u00e7\u00e3o, Homologa\u00e7\u00e3o e Equival\u00eancia de Diplomas Universit\u00e1rios"}]},{"@type":"WebSite","@id":"https:\/\/studiomigratorio.com\/#website","url":"https:\/\/studiomigratorio.com\/","name":"Studio Migrat\u00f3rio","description":"Studio Migrat\u00f3rio para Espanha","publisher":{"@id":"https:\/\/studiomigratorio.com\/#\/schema\/person\/8b0bad7ae66355a8566a6db71308101b"},"potentialAction":[{"@type":"SearchAction","target":{"@type":"EntryPoint","urlTemplate":"https:\/\/studiomigratorio.com\/?s={search_term_string}"},"query-input":{"@type":"PropertyValueSpecification","valueRequired":true,"valueName":"search_term_string"}}],"inLanguage":"es"},{"@type":["Person","Organization"],"@id":"https:\/\/studiomigratorio.com\/#\/schema\/person\/8b0bad7ae66355a8566a6db71308101b","name":"Amanda Kalil","image":{"@type":"ImageObject","inLanguage":"es","@id":"https:\/\/studiomigratorio.com\/wp-content\/uploads\/2020\/12\/IMG_20201121_152036-scaled.jpg","url":"https:\/\/studiomigratorio.com\/wp-content\/uploads\/2020\/12\/IMG_20201121_152036-scaled.jpg","contentUrl":"https:\/\/studiomigratorio.com\/wp-content\/uploads\/2020\/12\/IMG_20201121_152036-scaled.jpg","width":1920,"height":2560,"caption":"Amanda Kalil"},"logo":{"@id":"https:\/\/studiomigratorio.com\/wp-content\/uploads\/2020\/12\/IMG_20201121_152036-scaled.jpg"},"sameAs":["https:\/\/studiomigratorio.com\/"]}]}},"amp_enabled":true,"_links":{"self":[{"href":"https:\/\/studiomigratorio.com\/es\/wp-json\/wp\/v2\/pages\/1630","targetHints":{"allow":["GET"]}}],"collection":[{"href":"https:\/\/studiomigratorio.com\/es\/wp-json\/wp\/v2\/pages"}],"about":[{"href":"https:\/\/studiomigratorio.com\/es\/wp-json\/wp\/v2\/types\/page"}],"author":[{"embeddable":true,"href":"https:\/\/studiomigratorio.com\/es\/wp-json\/wp\/v2\/users\/2"}],"replies":[{"embeddable":true,"href":"https:\/\/studiomigratorio.com\/es\/wp-json\/wp\/v2\/comments?post=1630"}],"version-history":[{"count":0,"href":"https:\/\/studiomigratorio.com\/es\/wp-json\/wp\/v2\/pages\/1630\/revisions"}],"wp:featuredmedia":[{"embeddable":true,"href":"https:\/\/studiomigratorio.com\/es\/wp-json\/wp\/v2\/media\/6103"}],"wp:attachment":[{"href":"https:\/\/studiomigratorio.com\/es\/wp-json\/wp\/v2\/media?parent=1630"}],"curies":[{"name":"wp","href":"https:\/\/api.w.org\/{rel}","templated":true}]}}