{"id":1642,"date":"2020-11-02T10:28:04","date_gmt":"2020-11-02T10:28:04","guid":{"rendered":"https:\/\/amandakalil.com\/?page_id=1642"},"modified":"2025-07-15T20:26:03","modified_gmt":"2025-07-15T20:26:03","slug":"tutoria-universitaria","status":"publish","type":"page","link":"https:\/\/studiomigratorio.com\/es\/tutoria-universitaria\/","title":{"rendered":"Tutor\u00eda Universitaria"},"content":{"rendered":"<div data-elementor-type=\"wp-page\" data-elementor-id=\"1642\" class=\"elementor elementor-1642\">\n\t\t\t\t\t\t<section class=\"elementor-section elementor-top-section elementor-element elementor-element-d885172 elementor-section-boxed elementor-section-height-default elementor-section-height-default\" data-id=\"d885172\" data-element_type=\"section\" data-e-type=\"section\">\n\t\t\t\t\t\t<div class=\"elementor-container elementor-column-gap-default\">\n\t\t\t\t\t<div class=\"elementor-column elementor-col-100 elementor-top-column elementor-element elementor-element-a70ce17\" data-id=\"a70ce17\" data-element_type=\"column\" data-e-type=\"column\">\n\t\t\t<div class=\"elementor-widget-wrap elementor-element-populated\">\n\t\t\t\t\t\t<div class=\"elementor-element elementor-element-25b708c elementor-widget elementor-widget-spacer\" data-id=\"25b708c\" data-element_type=\"widget\" data-e-type=\"widget\" data-widget_type=\"spacer.default\">\n\t\t\t\t\t\t\t<div class=\"elementor-spacer\">\n\t\t\t<div class=\"elementor-spacer-inner\"><\/div>\n\t\t<\/div>\n\t\t\t\t\t\t<\/div>\n\t\t\t\t<div class=\"elementor-element elementor-element-cd1998c elementor-widget elementor-widget-spacer\" data-id=\"cd1998c\" data-element_type=\"widget\" data-e-type=\"widget\" data-widget_type=\"spacer.default\">\n\t\t\t\t\t\t\t<div class=\"elementor-spacer\">\n\t\t\t<div class=\"elementor-spacer-inner\"><\/div>\n\t\t<\/div>\n\t\t\t\t\t\t<\/div>\n\t\t\t\t<div class=\"elementor-element elementor-element-d709655 elementor-widget elementor-widget-heading\" data-id=\"d709655\" data-element_type=\"widget\" data-e-type=\"widget\" data-widget_type=\"heading.default\">\n\t\t\t\t\t<h1 class=\"elementor-heading-title elementor-size-default\">Tutor\u00eda Universitaria <\/h1>\t\t\t\t<\/div>\n\t\t\t\t<div class=\"elementor-element elementor-element-812b4ca elementor-widget elementor-widget-spacer\" data-id=\"812b4ca\" data-element_type=\"widget\" data-e-type=\"widget\" data-widget_type=\"spacer.default\">\n\t\t\t\t\t\t\t<div class=\"elementor-spacer\">\n\t\t\t<div class=\"elementor-spacer-inner\"><\/div>\n\t\t<\/div>\n\t\t\t\t\t\t<\/div>\n\t\t\t\t\t<\/div>\n\t\t<\/div>\n\t\t\t\t\t<\/div>\n\t\t<\/section>\n\t\t\t\t<section class=\"elementor-section elementor-top-section elementor-element elementor-element-9366d76 elementor-section-boxed elementor-section-height-default elementor-section-height-default\" data-id=\"9366d76\" data-element_type=\"section\" data-e-type=\"section\">\n\t\t\t\t\t\t<div class=\"elementor-container elementor-column-gap-default\">\n\t\t\t\t\t<div class=\"elementor-column elementor-col-100 elementor-top-column elementor-element elementor-element-e6e480c\" data-id=\"e6e480c\" data-element_type=\"column\" data-e-type=\"column\">\n\t\t\t<div class=\"elementor-widget-wrap elementor-element-populated\">\n\t\t\t\t\t\t<section class=\"elementor-section elementor-inner-section elementor-element elementor-element-8ac77ac elementor-section-boxed elementor-section-height-default elementor-section-height-default\" data-id=\"8ac77ac\" data-element_type=\"section\" data-e-type=\"section\">\n\t\t\t\t\t\t<div class=\"elementor-container elementor-column-gap-default\">\n\t\t\t\t\t<div class=\"elementor-column elementor-col-50 elementor-inner-column elementor-element elementor-element-df4198e\" data-id=\"df4198e\" data-element_type=\"column\" data-e-type=\"column\">\n\t\t\t<div class=\"elementor-widget-wrap elementor-element-populated\">\n\t\t\t\t\t\t<div class=\"elementor-element elementor-element-3fd459d elementor-widget elementor-widget-image\" data-id=\"3fd459d\" data-element_type=\"widget\" data-e-type=\"widget\" data-widget_type=\"image.default\">\n\t\t\t\t\t\t\t\t\t\t\t\t\t\t\t<img fetchpriority=\"high\" decoding=\"async\" width=\"768\" height=\"512\" src=\"https:\/\/studiomigratorio.com\/wp-content\/uploads\/2022\/01\/mentoring-hispanic-teacher-and-latin-student-worki-2021-09-02-14-46-49-utc-768x512.jpg\" class=\"attachment-medium_large size-medium_large wp-image-3815\" alt=\"Mentoring\" srcset=\"https:\/\/studiomigratorio.com\/wp-content\/uploads\/2022\/01\/mentoring-hispanic-teacher-and-latin-student-worki-2021-09-02-14-46-49-utc-768x512.jpg 768w, https:\/\/studiomigratorio.com\/wp-content\/uploads\/2022\/01\/mentoring-hispanic-teacher-and-latin-student-worki-2021-09-02-14-46-49-utc-300x200.jpg 300w, https:\/\/studiomigratorio.com\/wp-content\/uploads\/2022\/01\/mentoring-hispanic-teacher-and-latin-student-worki-2021-09-02-14-46-49-utc-1024x683.jpg 1024w, https:\/\/studiomigratorio.com\/wp-content\/uploads\/2022\/01\/mentoring-hispanic-teacher-and-latin-student-worki-2021-09-02-14-46-49-utc-1536x1024.jpg 1536w, https:\/\/studiomigratorio.com\/wp-content\/uploads\/2022\/01\/mentoring-hispanic-teacher-and-latin-student-worki-2021-09-02-14-46-49-utc-scaled.jpg 2048w\" sizes=\"(max-width: 768px) 100vw, 768px\" \/>\t\t\t\t\t\t\t\t\t\t\t\t\t\t\t<\/div>\n\t\t\t\t<div class=\"elementor-element elementor-element-e41bc35 elementor-widget elementor-widget-text-editor\" data-id=\"e41bc35\" data-element_type=\"widget\" data-e-type=\"widget\" data-widget_type=\"text-editor.default\">\n\t\t\t\t\t\t\t\t\t<p><b>El apoyo que necesita para iniciar estudios superiores en Espa\u00f1a<\/b><\/p><p><span style=\"font-weight: 400;\">El asesoramiento universitario est\u00e1 dirigido a todas aquellas personas que deseen acceder a estudios superiores en Espa\u00f1a, ya sean de grado, m\u00e1ster o doctorado. Tambi\u00e9n atiende a los estudiantes que desean trasladarse de una universidad extranjera a una espa\u00f1ola.\u00a0<\/span><\/p><p><span style=\"font-weight: 400;\">\u00a0<\/span><\/p>\t\t\t\t\t\t\t\t<\/div>\n\t\t\t\t\t<\/div>\n\t\t<\/div>\n\t\t\t\t<div class=\"elementor-column elementor-col-50 elementor-inner-column elementor-element elementor-element-1942699\" data-id=\"1942699\" data-element_type=\"column\" data-e-type=\"column\">\n\t\t\t<div class=\"elementor-widget-wrap elementor-element-populated\">\n\t\t\t\t\t\t<div class=\"elementor-element elementor-element-285e8a8 elementor-widget elementor-widget-text-editor\" data-id=\"285e8a8\" data-element_type=\"widget\" data-e-type=\"widget\" data-widget_type=\"text-editor.default\">\n\t\t\t\t\t\t\t\t\t<p><span style=\"font-weight: 400;\">Mientras que el <\/span><b>servicio de<\/b> <b>asesoramiento de admisi\u00f3n<\/b><span style=\"font-weight: 400;\"> abarca toda la planificaci\u00f3n de la solicitud de plazas, estrategias para las pruebas de acceso, calendarios de estudio, gesti\u00f3n de documentos y <\/span><a href=\"https:\/\/www.youtube.com\/watch?v=rqp9o8wq4Ig&amp;t=3s\"><span style=\"font-weight: 400;\">legislaci\u00f3n<\/span><\/a><span style=\"font-weight: 400;\"> de documentos, el <\/span><b>servicio de traslado <\/b><span style=\"font-weight: 400;\">implica un an\u00e1lisis detallado del plan de estudios tanto en Brasil como en Espa\u00f1a, as\u00ed como el contacto directo con la(s) universidad(es) de inter\u00e9s.\u00a0\u00a0<\/span><\/p><p><span style=\"font-weight: 400;\">En ambos casos, el asesoramiento es integral, es decir, un <\/span><b>seguimiento personalizado de todo el proceso<\/b><span style=\"font-weight: 400;\">, desde la elaboraci\u00f3n de estrategias hasta la finalizaci\u00f3n de la solicitud y la matriculaci\u00f3n en la universidad.<\/span><\/p><p><span style=\"font-weight: 400;\">Adem\u00e1s, contratando esta categor\u00eda de servicios, recibir\u00e1s material de apoyo e instrucciones para encontrar la instituci\u00f3n educativa espa\u00f1ola que mejor se adapte a tu perfil, a tu expediente acad\u00e9mico y, por supuesto, a tus aspiraciones profesionales y personales.\u00a0<\/span><\/p><p><span style=\"font-weight: 400;\">Para reservar una cita, vaya a <\/span><a href=\"https:\/\/studiomigratorio.com\/es\/agenda\/\"><span style=\"font-weight: 400;\">Agenda virtual<\/span><\/a><span style=\"font-weight: 400;\"> e escolha a melhor data e hor\u00e1rio para voc\u00ea.\u00a0 Em caso de d\u00favidas, envie um email para info@studiomigratorio.com<\/span><span style=\"font-weight: 400;\">. \u00bfPongamos en marcha juntos tu plan para estudiar en Espa\u00f1a?<\/span><\/p>\t\t\t\t\t\t\t\t<\/div>\n\t\t\t\t\t<\/div>\n\t\t<\/div>\n\t\t\t\t\t<\/div>\n\t\t<\/section>\n\t\t\t\t\t<\/div>\n\t\t<\/div>\n\t\t\t\t\t<\/div>\n\t\t<\/section>\n\t\t\t\t<section class=\"elementor-section elementor-top-section elementor-element elementor-element-08c8507 elementor-section-boxed elementor-section-height-default elementor-section-height-default\" data-id=\"08c8507\" data-element_type=\"section\" data-e-type=\"section\">\n\t\t\t\t\t\t<div class=\"elementor-container elementor-column-gap-default\">\n\t\t\t\t\t<div class=\"elementor-column elementor-col-100 elementor-top-column elementor-element elementor-element-7255d88\" data-id=\"7255d88\" data-element_type=\"column\" data-e-type=\"column\">\n\t\t\t<div class=\"elementor-widget-wrap elementor-element-populated\">\n\t\t\t\t\t\t<div class=\"elementor-element elementor-element-5cf03d5 elementor-widget elementor-widget-spacer\" data-id=\"5cf03d5\" data-element_type=\"widget\" data-e-type=\"widget\" data-widget_type=\"spacer.default\">\n\t\t\t\t\t\t\t<div class=\"elementor-spacer\">\n\t\t\t<div class=\"elementor-spacer-inner\"><\/div>\n\t\t<\/div>\n\t\t\t\t\t\t<\/div>\n\t\t\t\t<div class=\"elementor-element elementor-element-4b49566 elementor-align-center elementor-widget elementor-widget-button\" data-id=\"4b49566\" data-element_type=\"widget\" data-e-type=\"widget\" data-widget_type=\"button.default\">\n\t\t\t\t\t\t\t\t\t\t<a class=\"elementor-button elementor-button-link elementor-size-md\" href=\"https:\/\/studiomigratorio.com\/es\/agenda\/\" target=\"_blank\" rel=\"nofollow\">\n\t\t\t\t\t\t<span class=\"elementor-button-content-wrapper\">\n\t\t\t\t\t\t<span class=\"elementor-button-icon\">\n\t\t\t\t<svg aria-hidden=\"true\" class=\"e-font-icon-svg e-far-edit\" viewbox=\"0 0 576 512\" xmlns=\"http:\/\/www.w3.org\/2000\/svg\"><path d=\"M402.3 344.9l32-32c5-5 13.7-1.5 13.7 5.7V464c0 26.5-21.5 48-48 48H48c-26.5 0-48-21.5-48-48V112c0-26.5 21.5-48 48-48h273.5c7.1 0 10.7 8.6 5.7 13.7l-32 32c-1.5 1.5-3.5 2.3-5.7 2.3H48v352h352V350.5c0-2.1.8-4.1 2.3-5.6zm156.6-201.8L296.3 405.7l-90.4 10c-26.2 2.9-48.5-19.2-45.6-45.6l10-90.4L432.9 17.1c22.9-22.9 59.9-22.9 82.7 0l43.2 43.2c22.9 22.9 22.9 60 .1 82.8zM460.1 174L402 115.9 216.2 301.8l-7.3 65.3 65.3-7.3L460.1 174zm64.8-79.7l-43.2-43.2c-4.1-4.1-10.8-4.1-14.8 0L436 82l58.1 58.1 30.9-30.9c4-4.2 4-10.8-.1-14.9z\"><\/path><\/svg>\t\t\t<\/span>\n\t\t\t\t\t\t\t\t\t<span class=\"elementor-button-text\">Eu quero<\/span>\n\t\t\t\t\t<\/span>\n\t\t\t\t\t<\/a>\n\t\t\t\t\t\t\t\t<\/div>\n\t\t\t\t\t<\/div>\n\t\t<\/div>\n\t\t\t\t\t<\/div>\n\t\t<\/section>\n\t\t\t\t<\/div>","protected":false},"excerpt":{"rendered":"<p>Tutoria Universit\u00e1ria O suporte que voc\u00ea precisa para iniciar um curso superior na Espanha A assessoria universit\u00e1ria est\u00e1 pensada para todos aqueles que desejam ingressar em um curso superior na Espanha, seja este de gradua\u00e7\u00e3o, mestrado ou doutorado. Do mesmo modo, contempla os estudantes que buscam a transfer\u00eancia de uma universidade estrangeira para uma espanhola.\u00a0 [&hellip;]<\/p>\n","protected":false},"author":2,"featured_media":0,"parent":0,"menu_order":0,"comment_status":"closed","ping_status":"closed","template":"","meta":{"footnotes":""},"class_list":["post-1642","page","type-page","status-publish","hentry"],"blocksy_meta":{"styles_descriptor":{"styles":{"desktop":"","tablet":"","mobile":""},"google_fonts":[],"version":6}},"yoast_head":"<!-- This site is optimized with the Yoast SEO plugin v27.3 - https:\/\/yoast.com\/product\/yoast-seo-wordpress\/ -->\n<title>Tutoria Universit\u00e1ria - Studio Migrat\u00f3rio<\/title>\n<meta name=\"robots\" content=\"index, follow, max-snippet:-1, max-image-preview:large, max-video-preview:-1\" \/>\n<link rel=\"canonical\" href=\"https:\/\/studiomigratorio.com\/es\/tutoria-universitaria\/\" \/>\n<meta property=\"og:locale\" content=\"es_ES\" \/>\n<meta property=\"og:type\" content=\"article\" \/>\n<meta property=\"og:title\" content=\"Tutoria Universit\u00e1ria - Studio Migrat\u00f3rio\" \/>\n<meta property=\"og:description\" content=\"Tutoria Universit\u00e1ria O suporte que voc\u00ea precisa para iniciar um curso superior na Espanha A assessoria universit\u00e1ria est\u00e1 pensada para todos aqueles que desejam ingressar em um curso superior na Espanha, seja este de gradua\u00e7\u00e3o, mestrado ou doutorado. Do mesmo modo, contempla os estudantes que buscam a transfer\u00eancia de uma universidade estrangeira para uma espanhola.\u00a0 [&hellip;]\" \/>\n<meta property=\"og:url\" content=\"https:\/\/studiomigratorio.com\/es\/tutoria-universitaria\/\" \/>\n<meta property=\"og:site_name\" content=\"Studio Migrat\u00f3rio\" \/>\n<meta property=\"article:modified_time\" content=\"2025-07-15T20:26:03+00:00\" \/>\n<meta property=\"og:image\" content=\"https:\/\/studiomigratorio.com\/wp-content\/uploads\/2022\/01\/mentoring-hispanic-teacher-and-latin-student-worki-2021-09-02-14-46-49-utc-scaled.jpg\" \/>\n\t<meta property=\"og:image:width\" content=\"2048\" \/>\n\t<meta property=\"og:image:height\" content=\"1366\" \/>\n\t<meta property=\"og:image:type\" content=\"image\/jpeg\" \/>\n<meta name=\"twitter:card\" content=\"summary_large_image\" \/>\n<meta name=\"twitter:label1\" content=\"Tiempo de lectura\" \/>\n\t<meta name=\"twitter:data1\" content=\"2 minutos\" \/>\n<script type=\"application\/ld+json\" class=\"yoast-schema-graph\">{\"@context\":\"https:\\\/\\\/schema.org\",\"@graph\":[{\"@type\":\"WebPage\",\"@id\":\"https:\\\/\\\/studiomigratorio.com\\\/tutoria-universitaria\\\/\",\"url\":\"https:\\\/\\\/studiomigratorio.com\\\/tutoria-universitaria\\\/\",\"name\":\"Tutoria Universit\u00e1ria - Studio Migrat\u00f3rio\",\"isPartOf\":{\"@id\":\"https:\\\/\\\/studiomigratorio.com\\\/#website\"},\"primaryImageOfPage\":{\"@id\":\"https:\\\/\\\/studiomigratorio.com\\\/tutoria-universitaria\\\/#primaryimage\"},\"image\":{\"@id\":\"https:\\\/\\\/studiomigratorio.com\\\/tutoria-universitaria\\\/#primaryimage\"},\"thumbnailUrl\":\"https:\\\/\\\/studiomigratorio.com\\\/wp-content\\\/uploads\\\/2022\\\/01\\\/mentoring-hispanic-teacher-and-latin-student-worki-2021-09-02-14-46-49-utc-768x512.jpg\",\"datePublished\":\"2020-11-02T10:28:04+00:00\",\"dateModified\":\"2025-07-15T20:26:03+00:00\",\"breadcrumb\":{\"@id\":\"https:\\\/\\\/studiomigratorio.com\\\/tutoria-universitaria\\\/#breadcrumb\"},\"inLanguage\":\"es\",\"potentialAction\":[{\"@type\":\"ReadAction\",\"target\":[\"https:\\\/\\\/studiomigratorio.com\\\/tutoria-universitaria\\\/\"]}]},{\"@type\":\"ImageObject\",\"inLanguage\":\"es\",\"@id\":\"https:\\\/\\\/studiomigratorio.com\\\/tutoria-universitaria\\\/#primaryimage\",\"url\":\"https:\\\/\\\/studiomigratorio.com\\\/wp-content\\\/uploads\\\/2022\\\/01\\\/mentoring-hispanic-teacher-and-latin-student-worki-2021-09-02-14-46-49-utc-768x512.jpg\",\"contentUrl\":\"https:\\\/\\\/studiomigratorio.com\\\/wp-content\\\/uploads\\\/2022\\\/01\\\/mentoring-hispanic-teacher-and-latin-student-worki-2021-09-02-14-46-49-utc-768x512.jpg\"},{\"@type\":\"BreadcrumbList\",\"@id\":\"https:\\\/\\\/studiomigratorio.com\\\/tutoria-universitaria\\\/#breadcrumb\",\"itemListElement\":[{\"@type\":\"ListItem\",\"position\":1,\"name\":\"Portada\",\"item\":\"https:\\\/\\\/studiomigratorio.com\\\/\"},{\"@type\":\"ListItem\",\"position\":2,\"name\":\"Tutoria Universit\u00e1ria\"}]},{\"@type\":\"WebSite\",\"@id\":\"https:\\\/\\\/studiomigratorio.com\\\/#website\",\"url\":\"https:\\\/\\\/studiomigratorio.com\\\/\",\"name\":\"Studio Migrat\u00f3rio\",\"description\":\"Studio Migrat\u00f3rio para Espanha\",\"publisher\":{\"@id\":\"https:\\\/\\\/studiomigratorio.com\\\/#\\\/schema\\\/person\\\/8b0bad7ae66355a8566a6db71308101b\"},\"potentialAction\":[{\"@type\":\"SearchAction\",\"target\":{\"@type\":\"EntryPoint\",\"urlTemplate\":\"https:\\\/\\\/studiomigratorio.com\\\/?s={search_term_string}\"},\"query-input\":{\"@type\":\"PropertyValueSpecification\",\"valueRequired\":true,\"valueName\":\"search_term_string\"}}],\"inLanguage\":\"es\"},{\"@type\":[\"Person\",\"Organization\"],\"@id\":\"https:\\\/\\\/studiomigratorio.com\\\/#\\\/schema\\\/person\\\/8b0bad7ae66355a8566a6db71308101b\",\"name\":\"Amanda Kalil\",\"image\":{\"@type\":\"ImageObject\",\"inLanguage\":\"es\",\"@id\":\"https:\\\/\\\/studiomigratorio.com\\\/wp-content\\\/uploads\\\/2020\\\/12\\\/IMG_20201121_152036-scaled.jpg\",\"url\":\"https:\\\/\\\/studiomigratorio.com\\\/wp-content\\\/uploads\\\/2020\\\/12\\\/IMG_20201121_152036-scaled.jpg\",\"contentUrl\":\"https:\\\/\\\/studiomigratorio.com\\\/wp-content\\\/uploads\\\/2020\\\/12\\\/IMG_20201121_152036-scaled.jpg\",\"width\":1920,\"height\":2560,\"caption\":\"Amanda Kalil\"},\"logo\":{\"@id\":\"https:\\\/\\\/studiomigratorio.com\\\/wp-content\\\/uploads\\\/2020\\\/12\\\/IMG_20201121_152036-scaled.jpg\"},\"sameAs\":[\"https:\\\/\\\/studiomigratorio.com\\\/\"]}]}<\/script>\n<!-- \/ Yoast SEO plugin. -->","yoast_head_json":{"title":"Tutoria Universit\u00e1ria - Studio Migrat\u00f3rio","robots":{"index":"index","follow":"follow","max-snippet":"max-snippet:-1","max-image-preview":"max-image-preview:large","max-video-preview":"max-video-preview:-1"},"canonical":"https:\/\/studiomigratorio.com\/es\/tutoria-universitaria\/","og_locale":"es_ES","og_type":"article","og_title":"Tutoria Universit\u00e1ria - Studio Migrat\u00f3rio","og_description":"Tutoria Universit\u00e1ria O suporte que voc\u00ea precisa para iniciar um curso superior na Espanha A assessoria universit\u00e1ria est\u00e1 pensada para todos aqueles que desejam ingressar em um curso superior na Espanha, seja este de gradua\u00e7\u00e3o, mestrado ou doutorado. Do mesmo modo, contempla os estudantes que buscam a transfer\u00eancia de uma universidade estrangeira para uma espanhola.\u00a0 [&hellip;]","og_url":"https:\/\/studiomigratorio.com\/es\/tutoria-universitaria\/","og_site_name":"Studio Migrat\u00f3rio","article_modified_time":"2025-07-15T20:26:03+00:00","og_image":[{"width":2048,"height":1366,"url":"https:\/\/studiomigratorio.com\/wp-content\/uploads\/2022\/01\/mentoring-hispanic-teacher-and-latin-student-worki-2021-09-02-14-46-49-utc-scaled.jpg","type":"image\/jpeg"}],"twitter_card":"summary_large_image","twitter_misc":{"Tiempo de lectura":"2 minutos"},"schema":{"@context":"https:\/\/schema.org","@graph":[{"@type":"WebPage","@id":"https:\/\/studiomigratorio.com\/tutoria-universitaria\/","url":"https:\/\/studiomigratorio.com\/tutoria-universitaria\/","name":"Tutoria Universit\u00e1ria - Studio Migrat\u00f3rio","isPartOf":{"@id":"https:\/\/studiomigratorio.com\/#website"},"primaryImageOfPage":{"@id":"https:\/\/studiomigratorio.com\/tutoria-universitaria\/#primaryimage"},"image":{"@id":"https:\/\/studiomigratorio.com\/tutoria-universitaria\/#primaryimage"},"thumbnailUrl":"https:\/\/studiomigratorio.com\/wp-content\/uploads\/2022\/01\/mentoring-hispanic-teacher-and-latin-student-worki-2021-09-02-14-46-49-utc-768x512.jpg","datePublished":"2020-11-02T10:28:04+00:00","dateModified":"2025-07-15T20:26:03+00:00","breadcrumb":{"@id":"https:\/\/studiomigratorio.com\/tutoria-universitaria\/#breadcrumb"},"inLanguage":"es","potentialAction":[{"@type":"ReadAction","target":["https:\/\/studiomigratorio.com\/tutoria-universitaria\/"]}]},{"@type":"ImageObject","inLanguage":"es","@id":"https:\/\/studiomigratorio.com\/tutoria-universitaria\/#primaryimage","url":"https:\/\/studiomigratorio.com\/wp-content\/uploads\/2022\/01\/mentoring-hispanic-teacher-and-latin-student-worki-2021-09-02-14-46-49-utc-768x512.jpg","contentUrl":"https:\/\/studiomigratorio.com\/wp-content\/uploads\/2022\/01\/mentoring-hispanic-teacher-and-latin-student-worki-2021-09-02-14-46-49-utc-768x512.jpg"},{"@type":"BreadcrumbList","@id":"https:\/\/studiomigratorio.com\/tutoria-universitaria\/#breadcrumb","itemListElement":[{"@type":"ListItem","position":1,"name":"Portada","item":"https:\/\/studiomigratorio.com\/"},{"@type":"ListItem","position":2,"name":"Tutoria Universit\u00e1ria"}]},{"@type":"WebSite","@id":"https:\/\/studiomigratorio.com\/#website","url":"https:\/\/studiomigratorio.com\/","name":"Studio Migrat\u00f3rio","description":"Studio Migrat\u00f3rio para Espanha","publisher":{"@id":"https:\/\/studiomigratorio.com\/#\/schema\/person\/8b0bad7ae66355a8566a6db71308101b"},"potentialAction":[{"@type":"SearchAction","target":{"@type":"EntryPoint","urlTemplate":"https:\/\/studiomigratorio.com\/?s={search_term_string}"},"query-input":{"@type":"PropertyValueSpecification","valueRequired":true,"valueName":"search_term_string"}}],"inLanguage":"es"},{"@type":["Person","Organization"],"@id":"https:\/\/studiomigratorio.com\/#\/schema\/person\/8b0bad7ae66355a8566a6db71308101b","name":"Amanda Kalil","image":{"@type":"ImageObject","inLanguage":"es","@id":"https:\/\/studiomigratorio.com\/wp-content\/uploads\/2020\/12\/IMG_20201121_152036-scaled.jpg","url":"https:\/\/studiomigratorio.com\/wp-content\/uploads\/2020\/12\/IMG_20201121_152036-scaled.jpg","contentUrl":"https:\/\/studiomigratorio.com\/wp-content\/uploads\/2020\/12\/IMG_20201121_152036-scaled.jpg","width":1920,"height":2560,"caption":"Amanda Kalil"},"logo":{"@id":"https:\/\/studiomigratorio.com\/wp-content\/uploads\/2020\/12\/IMG_20201121_152036-scaled.jpg"},"sameAs":["https:\/\/studiomigratorio.com\/"]}]}},"amp_enabled":true,"_links":{"self":[{"href":"https:\/\/studiomigratorio.com\/es\/wp-json\/wp\/v2\/pages\/1642","targetHints":{"allow":["GET"]}}],"collection":[{"href":"https:\/\/studiomigratorio.com\/es\/wp-json\/wp\/v2\/pages"}],"about":[{"href":"https:\/\/studiomigratorio.com\/es\/wp-json\/wp\/v2\/types\/page"}],"author":[{"embeddable":true,"href":"https:\/\/studiomigratorio.com\/es\/wp-json\/wp\/v2\/users\/2"}],"replies":[{"embeddable":true,"href":"https:\/\/studiomigratorio.com\/es\/wp-json\/wp\/v2\/comments?post=1642"}],"version-history":[{"count":0,"href":"https:\/\/studiomigratorio.com\/es\/wp-json\/wp\/v2\/pages\/1642\/revisions"}],"wp:attachment":[{"href":"https:\/\/studiomigratorio.com\/es\/wp-json\/wp\/v2\/media?parent=1642"}],"curies":[{"name":"wp","href":"https:\/\/api.w.org\/{rel}","templated":true}]}}