{"id":2691,"date":"2021-11-07T21:46:52","date_gmt":"2021-11-07T21:46:52","guid":{"rendered":"https:\/\/amandakalil.com\/?page_id=2691"},"modified":"2026-03-23T14:35:13","modified_gmt":"2026-03-23T14:35:13","slug":"agenda","status":"publish","type":"page","link":"https:\/\/studiomigratorio.com\/es\/agenda\/","title":{"rendered":"Concertar cita"},"content":{"rendered":"<div data-elementor-type=\"wp-page\" data-elementor-id=\"2691\" class=\"elementor elementor-2691\">\n\t\t\t\t\t\t<section class=\"elementor-section elementor-top-section elementor-element elementor-element-556a46a elementor-section-boxed elementor-section-height-default elementor-section-height-default\" data-id=\"556a46a\" data-element_type=\"section\" data-e-type=\"section\">\n\t\t\t\t\t\t<div class=\"elementor-container elementor-column-gap-default\">\n\t\t\t\t\t<div class=\"elementor-column elementor-col-100 elementor-top-column elementor-element elementor-element-8d839e1\" data-id=\"8d839e1\" data-element_type=\"column\" data-e-type=\"column\">\n\t\t\t<div class=\"elementor-widget-wrap\">\n\t\t\t\t\t\t\t<\/div>\n\t\t<\/div>\n\t\t\t\t\t<\/div>\n\t\t<\/section>\n\t\t<div class=\"elementor-element elementor-element-4d9b03e e-flex e-con-boxed e-con e-parent\" data-id=\"4d9b03e\" data-element_type=\"container\" data-e-type=\"container\">\n\t\t\t\t\t<div class=\"e-con-inner\">\n\t\t\t\t<div class=\"elementor-element elementor-element-f7af879 elementor-widget elementor-widget-shortcode\" data-id=\"f7af879\" data-element_type=\"widget\" data-e-type=\"widget\" data-widget_type=\"shortcode.default\">\n\t\t\t\t\t\t\t<div class=\"elementor-shortcode\"><iframe width='100%' height='750px' src='https:\/\/studiomigratorio.zohobookings.com\/portal-embed#\/juridico' frameborder='0' allowfullscreen='' > <\/iframe><\/div>\n\t\t\t\t\t\t<\/div>\n\t\t\t\t\t<\/div>\n\t\t\t\t<\/div>\n\t\t<div class=\"elementor-element elementor-element-dfe5edc e-flex e-con-boxed e-con e-parent\" data-id=\"dfe5edc\" data-element_type=\"container\" data-e-type=\"container\">\n\t\t\t\t\t<div class=\"e-con-inner\">\n\t\t\t\t<div class=\"elementor-element elementor-element-3e1df96 elementor-widget elementor-widget-heading\" data-id=\"3e1df96\" data-element_type=\"widget\" data-e-type=\"widget\" data-widget_type=\"heading.default\">\n\t\t\t\t\t<h2 class=\"elementor-heading-title elementor-size-default\"><a href=\"https:\/\/forms.zohopublic.com\/itgoalstudiomigratoriosite24x7\/form\/ServioRegularizao\/formperma\/NheRLb3t3RriM8bF-0CeFFy_kcYHHCahJdeQxZ-CyE0?utm_source=instagram&#038;utm_medium=direct\">Para saber se voc\u00ea tem direito a regulariza\u00e7\u00e3o extraordin\u00e1ria massiva, por favor, clique abaixo.<\/a><\/h2>\t\t\t\t<\/div>\n\t\t\t\t<div class=\"elementor-element elementor-element-e2f1cb2 elementor-widget elementor-widget-button\" data-id=\"e2f1cb2\" data-element_type=\"widget\" data-e-type=\"widget\" data-widget_type=\"button.default\">\n\t\t\t\t\t\t\t\t\t\t<a class=\"elementor-button elementor-button-link elementor-size-sm\" href=\"https:\/\/forms.zohopublic.com\/itgoalstudiomigratoriosite24x7\/form\/ServioRegularizao\/formperma\/NheRLb3t3RriM8bF-0CeFFy_kcYHHCahJdeQxZ-CyE0?utm_source=instagram&#038;utm_medium=direct\" target=\"_blank\">\n\t\t\t\t\t\t<span class=\"elementor-button-content-wrapper\">\n\t\t\t\t\t\t\t\t\t<span class=\"elementor-button-text\">Haz clic aqu\u00ed<\/span>\n\t\t\t\t\t<\/span>\n\t\t\t\t\t<\/a>\n\t\t\t\t\t\t\t\t<\/div>\n\t\t\t\t\t<\/div>\n\t\t\t\t<\/div>\n\t\t\t\t<\/div>","protected":false},"excerpt":{"rendered":"<p>Para saber se voc\u00ea tem direito a regulariza\u00e7\u00e3o extraordin\u00e1ria massiva, por favor, clique abaixo. Clique aqui<\/p>","protected":false},"author":2,"featured_media":6142,"parent":0,"menu_order":0,"comment_status":"closed","ping_status":"closed","template":"","meta":{"footnotes":""},"class_list":["post-2691","page","type-page","status-publish","has-post-thumbnail","hentry"],"blocksy_meta":{"styles_descriptor":{"styles":{"desktop":"","tablet":"","mobile":""},"google_fonts":[],"version":6}},"yoast_head":"<!-- This site is optimized with the Yoast SEO plugin v27.3 - https:\/\/yoast.com\/product\/yoast-seo-wordpress\/ -->\n<title>Marcar consulta - Studio Migrat\u00f3rio<\/title>\n<meta name=\"description\" content=\"Agende sua consulta online com a Dra. Amanda Kalil com tr\u00eas simples cliques.\" \/>\n<meta name=\"robots\" content=\"index, follow, max-snippet:-1, max-image-preview:large, max-video-preview:-1\" \/>\n<link rel=\"canonical\" href=\"https:\/\/studiomigratorio.com\/es\/agenda\/\" \/>\n<meta property=\"og:locale\" content=\"es_ES\" \/>\n<meta property=\"og:type\" content=\"article\" \/>\n<meta property=\"og:title\" content=\"Marcar consulta - Studio Migrat\u00f3rio\" \/>\n<meta property=\"og:description\" content=\"Agende sua consulta online com a Dra. Amanda Kalil com tr\u00eas simples cliques.\" \/>\n<meta property=\"og:url\" content=\"https:\/\/studiomigratorio.com\/es\/agenda\/\" \/>\n<meta property=\"og:site_name\" content=\"Studio Migrat\u00f3rio\" \/>\n<meta property=\"article:modified_time\" content=\"2026-03-23T14:35:13+00:00\" \/>\n<meta property=\"og:image\" content=\"https:\/\/studiomigratorio.com\/wp-content\/uploads\/2022\/07\/WhatsApp-Image-2022-05-11-at-12.14.31-PM.jpeg\" \/>\n\t<meta property=\"og:image:width\" content=\"1500\" \/>\n\t<meta property=\"og:image:height\" content=\"1500\" \/>\n\t<meta property=\"og:image:type\" content=\"image\/jpeg\" \/>\n<meta name=\"twitter:card\" content=\"summary_large_image\" \/>\n<script type=\"application\/ld+json\" class=\"yoast-schema-graph\">{\"@context\":\"https:\\\/\\\/schema.org\",\"@graph\":[{\"@type\":\"WebPage\",\"@id\":\"https:\\\/\\\/studiomigratorio.com\\\/agenda\\\/\",\"url\":\"https:\\\/\\\/studiomigratorio.com\\\/agenda\\\/\",\"name\":\"Marcar consulta - Studio Migrat\u00f3rio\",\"isPartOf\":{\"@id\":\"https:\\\/\\\/studiomigratorio.com\\\/#website\"},\"primaryImageOfPage\":{\"@id\":\"https:\\\/\\\/studiomigratorio.com\\\/agenda\\\/#primaryimage\"},\"image\":{\"@id\":\"https:\\\/\\\/studiomigratorio.com\\\/agenda\\\/#primaryimage\"},\"thumbnailUrl\":\"https:\\\/\\\/studiomigratorio.com\\\/wp-content\\\/uploads\\\/2022\\\/07\\\/WhatsApp-Image-2022-05-11-at-12.14.31-PM.jpeg\",\"datePublished\":\"2021-11-07T21:46:52+00:00\",\"dateModified\":\"2026-03-23T14:35:13+00:00\",\"description\":\"Agende sua consulta online com a Dra. Amanda Kalil com tr\u00eas simples cliques.\",\"breadcrumb\":{\"@id\":\"https:\\\/\\\/studiomigratorio.com\\\/agenda\\\/#breadcrumb\"},\"inLanguage\":\"es\",\"potentialAction\":[{\"@type\":\"ReadAction\",\"target\":[\"https:\\\/\\\/studiomigratorio.com\\\/agenda\\\/\"]}]},{\"@type\":\"ImageObject\",\"inLanguage\":\"es\",\"@id\":\"https:\\\/\\\/studiomigratorio.com\\\/agenda\\\/#primaryimage\",\"url\":\"https:\\\/\\\/studiomigratorio.com\\\/wp-content\\\/uploads\\\/2022\\\/07\\\/WhatsApp-Image-2022-05-11-at-12.14.31-PM.jpeg\",\"contentUrl\":\"https:\\\/\\\/studiomigratorio.com\\\/wp-content\\\/uploads\\\/2022\\\/07\\\/WhatsApp-Image-2022-05-11-at-12.14.31-PM.jpeg\",\"width\":1500,\"height\":1500},{\"@type\":\"BreadcrumbList\",\"@id\":\"https:\\\/\\\/studiomigratorio.com\\\/agenda\\\/#breadcrumb\",\"itemListElement\":[{\"@type\":\"ListItem\",\"position\":1,\"name\":\"Portada\",\"item\":\"https:\\\/\\\/studiomigratorio.com\\\/\"},{\"@type\":\"ListItem\",\"position\":2,\"name\":\"Marcar consulta\"}]},{\"@type\":\"WebSite\",\"@id\":\"https:\\\/\\\/studiomigratorio.com\\\/#website\",\"url\":\"https:\\\/\\\/studiomigratorio.com\\\/\",\"name\":\"Studio Migrat\u00f3rio\",\"description\":\"Studio Migrat\u00f3rio para Espanha\",\"publisher\":{\"@id\":\"https:\\\/\\\/studiomigratorio.com\\\/#\\\/schema\\\/person\\\/8b0bad7ae66355a8566a6db71308101b\"},\"potentialAction\":[{\"@type\":\"SearchAction\",\"target\":{\"@type\":\"EntryPoint\",\"urlTemplate\":\"https:\\\/\\\/studiomigratorio.com\\\/?s={search_term_string}\"},\"query-input\":{\"@type\":\"PropertyValueSpecification\",\"valueRequired\":true,\"valueName\":\"search_term_string\"}}],\"inLanguage\":\"es\"},{\"@type\":[\"Person\",\"Organization\"],\"@id\":\"https:\\\/\\\/studiomigratorio.com\\\/#\\\/schema\\\/person\\\/8b0bad7ae66355a8566a6db71308101b\",\"name\":\"Amanda Kalil\",\"image\":{\"@type\":\"ImageObject\",\"inLanguage\":\"es\",\"@id\":\"https:\\\/\\\/studiomigratorio.com\\\/wp-content\\\/uploads\\\/2020\\\/12\\\/IMG_20201121_152036-scaled.jpg\",\"url\":\"https:\\\/\\\/studiomigratorio.com\\\/wp-content\\\/uploads\\\/2020\\\/12\\\/IMG_20201121_152036-scaled.jpg\",\"contentUrl\":\"https:\\\/\\\/studiomigratorio.com\\\/wp-content\\\/uploads\\\/2020\\\/12\\\/IMG_20201121_152036-scaled.jpg\",\"width\":1920,\"height\":2560,\"caption\":\"Amanda Kalil\"},\"logo\":{\"@id\":\"https:\\\/\\\/studiomigratorio.com\\\/wp-content\\\/uploads\\\/2020\\\/12\\\/IMG_20201121_152036-scaled.jpg\"},\"sameAs\":[\"https:\\\/\\\/studiomigratorio.com\\\/\"]}]}<\/script>\n<!-- \/ Yoast SEO plugin. -->","yoast_head_json":{"title":"Marcar consulta - Studio Migrat\u00f3rio","description":"Agende sua consulta online com a Dra. Amanda Kalil com tr\u00eas simples cliques.","robots":{"index":"index","follow":"follow","max-snippet":"max-snippet:-1","max-image-preview":"max-image-preview:large","max-video-preview":"max-video-preview:-1"},"canonical":"https:\/\/studiomigratorio.com\/es\/agenda\/","og_locale":"es_ES","og_type":"article","og_title":"Marcar consulta - Studio Migrat\u00f3rio","og_description":"Agende sua consulta online com a Dra. Amanda Kalil com tr\u00eas simples cliques.","og_url":"https:\/\/studiomigratorio.com\/es\/agenda\/","og_site_name":"Studio Migrat\u00f3rio","article_modified_time":"2026-03-23T14:35:13+00:00","og_image":[{"width":1500,"height":1500,"url":"https:\/\/studiomigratorio.com\/wp-content\/uploads\/2022\/07\/WhatsApp-Image-2022-05-11-at-12.14.31-PM.jpeg","type":"image\/jpeg"}],"twitter_card":"summary_large_image","schema":{"@context":"https:\/\/schema.org","@graph":[{"@type":"WebPage","@id":"https:\/\/studiomigratorio.com\/agenda\/","url":"https:\/\/studiomigratorio.com\/agenda\/","name":"Marcar consulta - Studio Migrat\u00f3rio","isPartOf":{"@id":"https:\/\/studiomigratorio.com\/#website"},"primaryImageOfPage":{"@id":"https:\/\/studiomigratorio.com\/agenda\/#primaryimage"},"image":{"@id":"https:\/\/studiomigratorio.com\/agenda\/#primaryimage"},"thumbnailUrl":"https:\/\/studiomigratorio.com\/wp-content\/uploads\/2022\/07\/WhatsApp-Image-2022-05-11-at-12.14.31-PM.jpeg","datePublished":"2021-11-07T21:46:52+00:00","dateModified":"2026-03-23T14:35:13+00:00","description":"Agende sua consulta online com a Dra. Amanda Kalil com tr\u00eas simples cliques.","breadcrumb":{"@id":"https:\/\/studiomigratorio.com\/agenda\/#breadcrumb"},"inLanguage":"es","potentialAction":[{"@type":"ReadAction","target":["https:\/\/studiomigratorio.com\/agenda\/"]}]},{"@type":"ImageObject","inLanguage":"es","@id":"https:\/\/studiomigratorio.com\/agenda\/#primaryimage","url":"https:\/\/studiomigratorio.com\/wp-content\/uploads\/2022\/07\/WhatsApp-Image-2022-05-11-at-12.14.31-PM.jpeg","contentUrl":"https:\/\/studiomigratorio.com\/wp-content\/uploads\/2022\/07\/WhatsApp-Image-2022-05-11-at-12.14.31-PM.jpeg","width":1500,"height":1500},{"@type":"BreadcrumbList","@id":"https:\/\/studiomigratorio.com\/agenda\/#breadcrumb","itemListElement":[{"@type":"ListItem","position":1,"name":"Portada","item":"https:\/\/studiomigratorio.com\/"},{"@type":"ListItem","position":2,"name":"Marcar consulta"}]},{"@type":"WebSite","@id":"https:\/\/studiomigratorio.com\/#website","url":"https:\/\/studiomigratorio.com\/","name":"Studio Migrat\u00f3rio","description":"Studio Migrat\u00f3rio para Espanha","publisher":{"@id":"https:\/\/studiomigratorio.com\/#\/schema\/person\/8b0bad7ae66355a8566a6db71308101b"},"potentialAction":[{"@type":"SearchAction","target":{"@type":"EntryPoint","urlTemplate":"https:\/\/studiomigratorio.com\/?s={search_term_string}"},"query-input":{"@type":"PropertyValueSpecification","valueRequired":true,"valueName":"search_term_string"}}],"inLanguage":"es"},{"@type":["Person","Organization"],"@id":"https:\/\/studiomigratorio.com\/#\/schema\/person\/8b0bad7ae66355a8566a6db71308101b","name":"Amanda Kalil","image":{"@type":"ImageObject","inLanguage":"es","@id":"https:\/\/studiomigratorio.com\/wp-content\/uploads\/2020\/12\/IMG_20201121_152036-scaled.jpg","url":"https:\/\/studiomigratorio.com\/wp-content\/uploads\/2020\/12\/IMG_20201121_152036-scaled.jpg","contentUrl":"https:\/\/studiomigratorio.com\/wp-content\/uploads\/2020\/12\/IMG_20201121_152036-scaled.jpg","width":1920,"height":2560,"caption":"Amanda Kalil"},"logo":{"@id":"https:\/\/studiomigratorio.com\/wp-content\/uploads\/2020\/12\/IMG_20201121_152036-scaled.jpg"},"sameAs":["https:\/\/studiomigratorio.com\/"]}]}},"amp_enabled":false,"_links":{"self":[{"href":"https:\/\/studiomigratorio.com\/es\/wp-json\/wp\/v2\/pages\/2691","targetHints":{"allow":["GET"]}}],"collection":[{"href":"https:\/\/studiomigratorio.com\/es\/wp-json\/wp\/v2\/pages"}],"about":[{"href":"https:\/\/studiomigratorio.com\/es\/wp-json\/wp\/v2\/types\/page"}],"author":[{"embeddable":true,"href":"https:\/\/studiomigratorio.com\/es\/wp-json\/wp\/v2\/users\/2"}],"replies":[{"embeddable":true,"href":"https:\/\/studiomigratorio.com\/es\/wp-json\/wp\/v2\/comments?post=2691"}],"version-history":[{"count":45,"href":"https:\/\/studiomigratorio.com\/es\/wp-json\/wp\/v2\/pages\/2691\/revisions"}],"predecessor-version":[{"id":10868,"href":"https:\/\/studiomigratorio.com\/es\/wp-json\/wp\/v2\/pages\/2691\/revisions\/10868"}],"wp:featuredmedia":[{"embeddable":true,"href":"https:\/\/studiomigratorio.com\/es\/wp-json\/wp\/v2\/media\/6142"}],"wp:attachment":[{"href":"https:\/\/studiomigratorio.com\/es\/wp-json\/wp\/v2\/media?parent=2691"}],"curies":[{"name":"wp","href":"https:\/\/api.w.org\/{rel}","templated":true}]}}